{"id":1443,"date":"2020-04-28T09:33:27","date_gmt":"2020-04-28T07:33:27","guid":{"rendered":"http:\/\/bglilienfeld.ac.at\/cms_wordpress\/?page_id=1443"},"modified":"2024-04-30T08:49:31","modified_gmt":"2024-04-30T06:49:31","slug":"schularzt","status":"publish","type":"page","link":"https:\/\/bglilienfeld.ac.at\/cms_wordpress\/schularzt\/","title":{"rendered":"Schularzt"},"content":{"rendered":"<div class=\"\" style=\"\" >\n    \n    <section class=\"u-black u-clearfix u-section-2\" id=\"sec-374b\">\n      <div class=\"u-clearfix u-sheet u-sheet-1\"><\/div>\n    <\/section>\n    <section class=\"u-align-center u-clearfix u-section-3\" id=\"sec-e5b4\">\n      <div class=\"u-clearfix u-sheet u-sheet-1\"><\/div>\n    <\/section>\n    <section class=\"u-clearfix u-section-4\" id=\"sec-1b9c\">\n      <div class=\"u-clearfix u-sheet u-valign-middle u-sheet-1\">\n        <h2 class=\"u-align-center u-text u-text-default u-text-1\">Schul\u00e4rztin<\/h2>\n        <div class=\"data-layout-selected u-clearfix u-expanded-width u-layout-wrap u-layout-wrap-1\">\n          <div class=\"u-layout\">\n            <div class=\"u-layout-row\">\n              <div class=\"u-container-align-center u-container-style u-layout-cell u-size-30 u-layout-cell-1\">\n                <div class=\"u-container-layout u-container-layout-1\">\n                  <img decoding=\"async\" class=\"u-image u-image-default u-image-1 lazyload\" data-src=\"https:\/\/bglilienfeld.ac.at\/cms_wordpress\/wp-content\/uploads\/2024\/02\/Dr.ElisabethPutz.png\" alt=\"\" data-image-width=\"205\" data-image-height=\"326\" src=\"data:image\/svg+xml;base64,PHN2ZyB3aWR0aD0iMSIgaGVpZ2h0PSIxIiB4bWxucz0iaHR0cDovL3d3dy53My5vcmcvMjAwMC9zdmciPjwvc3ZnPg==\" style=\"--smush-placeholder-width: 205px; --smush-placeholder-aspect-ratio: 205\/326;\">\n                <\/div>\n              <\/div>\n              <div class=\"u-container-style u-layout-cell u-size-30 u-layout-cell-2\">\n                <div class=\"u-container-layout u-container-layout-2\">\n                  <h2 class=\"u-text u-text-default u-text-2\"> Dr. Elisabeth Putz<\/h2>\n                  <p class=\"u-text u-text-default u-text-3\"> Tel: 02762\/52380-260<br>\n                    <br>Email:&nbsp;<a href=\"mailto:elisabeth.putz@bildung.gv.at\" id=\"LPlnk321337\" class=\"u-active-none u-border-none u-btn u-button-style u-hover-none u-none u-text-palette-1-base u-btn-1\">elisabeth.putz@bildung.gv.at<\/a>\n                  <\/p>\n                  <p class=\"u-text u-text-default u-text-4\"><u>Anwesenheit:<\/u>&nbsp;&nbsp; &nbsp; &nbsp; &nbsp; &nbsp;&nbsp;\n                  <\/p>\n                  <div class=\"u-table u-table-responsive u-table-1\">\n                    <table class=\"u-table-entity\">\n                      <colgroup>\n                        <col width=\"50%\">\n                        <col width=\"50%\">\n                      <\/colgroup>\n                      <tbody class=\"u-table-body\">\n                        <tr style=\"height: 25px;\">\n                          <td class=\"u-border-1 u-border-grey-dark-1 u-table-cell\">Montag<\/td>\n                          <td class=\"u-border-1 u-border-grey-dark-1 u-table-cell\">07:45 \u2013 10:45 Uhr<\/td>\n                        <\/tr>\n                        <tr style=\"height: 47px;\">\n                          <td class=\"u-border-1 u-border-grey-dark-1 u-table-cell\">Dienstag<\/td>\n                          <td class=\"u-border-1 u-border-grey-dark-1 u-table-cell\">11:30 \u2013 13:30 Uhr<\/td>\n                        <\/tr>\n                        <tr style=\"height: 47px;\">\n                          <td class=\"u-border-1 u-border-grey-dark-1 u-table-cell\">Donnerstag<\/td>\n                          <td class=\"u-border-1 u-border-grey-dark-1 u-table-cell\">07:45 \u2013 10:45 Uhr<\/td>\n                        <\/tr>\n                      <\/tbody>\n                    <\/table>\n                  <\/div>\n                <\/div>\n              <\/div>\n            <\/div>\n          <\/div>\n        <\/div>\n      <\/div>\n    <\/section>\n    <section class=\"u-align-left u-clearfix u-section-5\" id=\"sec-5add\">\n      <div class=\"u-clearfix u-sheet u-valign-top u-sheet-1\">\n        <div class=\"fr-view u-clearfix u-rich-text u-text u-text-1\">\n          <ul>\n            <li id=\"isPasted\">Die Sch\u00fcler\/innen ben\u00f6tigen keine Termine und keine e-Card<\/li>\n            <li>Als Schul\u00e4rztin unterliege ich der \u00e4rztlichen Schweigepflicht<\/li>\n          <\/ul>\n          <h3>Meine Aufgaben<\/h3>\n          <ul>\n            <li>J\u00e4hrliche <span style=\"font-weight: 700;\">Basisuntersuchungen<\/span>\n              <span style=\"font-weight: 700; font-style: italic;\">&nbsp;<\/span>von Sch\u00fcler\/innen zur Vorbeugung und Erfassung von Krankheiten und Entwicklungsst\u00f6rungen,\n            <\/li>\n          <\/ul>\n          <ul type=\"disc\">\n            <ul type=\"circle\">\n              <li style=\"color:#333333;mso-margin-top-alt:auto;margin-bottom:       6.0pt;line-height:normal;mso-list:l0 level2 lfo1;tab-stops:list 72.0pt;       background:white;\">ggf. Information an die Sch\u00fcler\/innen und Eltern bei Auff\u00e4lligkeiten, wie Haltungsschw\u00e4che, Verdacht auf Fehlsichtigkeit, etc. und Empfehlung der weiteren medizinischen Abkl\u00e4rung beim Haus- oder Facharzt<\/li>\n            <\/ul>\n          <\/ul>\n          <ul>\n            <li style=\"font-weight: 700;\">\u00dcbertragung der Medikamentenversorgung im Notfall<\/li>\n          <\/ul>\n          <ul type=\"disc\">\n            <ul type=\"circle\">\n              <li style=\"color:#333333;mso-margin-top-alt:auto;margin-bottom:       6.0pt;line-height:normal;mso-list:l0 level2 lfo1;tab-stops:list 72.0pt;       background:white;\">Bei Erkrankungen oder Allergien, die im Notfall den sofortigen Einsatz von Medikamenten erfordern (z.B. Asthma, epileptische Anf\u00e4lle, Bienen-, Wespengift-, Nussallergien, etc.) Einschulung der Lehrer\/innen im Beisein der Eltern und des Sch\u00fclers\/der Sch\u00fclerin und M\u00f6glichkeit der j\u00e4hrlichen oder anlassbedingten \u00dcberpr\u00fcfung eines Notfallsets<\/li>\n              <li style=\"color:#333333;mso-margin-top-alt:auto;margin-bottom:       6.0pt;line-height:normal;mso-list:l0 level2 lfo1;tab-stops:list 72.0pt;       background:white;\">\n                <span style=\"font-weight: 700;\">Bei neu aufgetretenen Allergien oder Erkrankungen&nbsp;<\/span>ihres Kindes, die den Einsatz von <span style=\"font-weight: 700; font-style: italic; text-decoration: underline;\">Notfallmedikamenten&nbsp;<\/span>erfordern (z.B. Asthmaspray, Epipen, Cortison- oder Allergietabletten bzw. -saft), melden Sie sich bitte umgehend an den Klassenvorstand oder an mich!&nbsp;\n              <\/li>\n            <\/ul>\n          <\/ul>\n          <ul>\n            <li>Im Anlassfall <span style=\"font-weight: 700;\">Einzeluntersuchungen<\/span> vor geplanten Schulveranstaltungen (z.B.: Sportwochen, Skikurse, Sprach- und Kulturreisen).\n            <\/li>\n            <li>\n              <span style=\"font-weight: 700;\">Erste- Hilfe-Ma\u00dfnahmen<\/span> bei akuten Erkrankungen, Verletzungen und Notf\u00e4llen im Schulalltag\n            <\/li>\n            <li>\n              <span style=\"font-weight: 700;\">\u00c4rztliche Begleitung und Beratung&nbsp;<\/span>der Sch\u00fcler\/innen in Krisensituationen\n            <\/li>\n            <li>\n              <span style=\"font-weight: 700;\">Beratung von Sch\u00fcler\/innen, Eltern, Lehrer\/innen und der Schulleitung<\/span>in Fragen wie:<ul type=\"circle\">\n                <li style=\"color:#333333;mso-margin-top-alt:auto;margin-bottom:       6.0pt;line-height:normal;mso-list:l0 level2 lfo1;tab-stops:list 72.0pt;       background:white;\">Gesunder Lebensstil an der Schule und zu Hause<\/li>\n                <li style=\"color:#333333;mso-margin-top-alt:auto;margin-bottom:       6.0pt;line-height:normal;mso-list:l0 level2 lfo1;tab-stops:list 72.0pt;       background:white;\">Chronische Erkrankungen (z.B.: Haltungssch\u00e4den, Asthma, Diabetes, Essst\u00f6rungen, etc.)<\/li>\n                <li style=\"color:#333333;mso-margin-top-alt:auto;margin-bottom:       6.0pt;line-height:normal;mso-list:l0 level2 lfo1;tab-stops:list 72.0pt;       background:white;\">Rauchen, Snus, Alkohol, Drogen, etc.<\/li>\n              <\/ul>\n            <\/li>\n            <li>\n              <span style=\"font-weight: 700;\">Beratung f\u00fcr die Gestaltung eines gesundheitsf\u00f6rdernden Schulalltags<\/span>, wie:<ul>\n                <li>Ausreichend Bewegung<\/li>\n                <li>Hygienische sanit\u00e4re Einrichtungen<\/li>\n              <\/ul>\n            <\/li>\n            <li>J\u00e4hrliche<span style=\"font-weight: 700;\"> Erhebung der Sanit\u00e4rhygiene<\/span>\n            <\/li>\n            <li>Ausstellen von <span style=\"font-weight: 700;\">Turnbefreiungen<\/span>\n            <\/li>\n            <li>Zusammenstellen und \u00dcberpr\u00fcfen der <span style=\"font-weight: 700;\">Erste-Hilfe-Sets<\/span> der Schule und f\u00fcr geplante Schulveranstaltungen\n            <\/li>\n            <li>Zusammenarbeit mit anderen medizinischen Einrichtungen und der Schulsozialarbeit<\/li>\n            <li>\n              <span style=\"font-weight: 700;\">Zeit f\u00fcr Elterngespr\u00e4che<\/span> nach Terminvereinbarung\n            <\/li>\n            <li>M\u00f6glichkeit der <span style=\"font-weight: 700;\">Impfberatung<\/span>\n            <\/li>\n          <\/ul>\n          <ul type=\"disc\">\n            <ul type=\"circle\">\n              <li style=\"color:#333333;mso-margin-top-alt:auto;margin-bottom:       6.0pt;line-height:normal;mso-list:l0 level2 lfo1;tab-stops:list 72.0pt;       background:white;\">das freiwillige Angebot und M\u00f6glichkeit der Durchf\u00fchrung von Schulimpfungen laut \u00f6sterreichischem Impfplan in Zusammenarbeit mit der BH Lilienfeld<\/li>\n            <\/ul>\n          <\/ul>\n          <ul>\n            <li>J\u00e4hrlicher anonymisierter <span style=\"font-weight: 700;\">Schularztbericht<\/span> f\u00fcr statistische Erhebungen und zur Dokumentation\n            <\/li>\n          <\/ul>\n          <ul type=\"disc\">\n            <ul type=\"circle\">\n              <li style=\"color:#333333;mso-margin-top-alt:auto;margin-bottom:       6.0pt;line-height:normal;mso-list:l0 level2 lfo1;tab-stops:list 72.0pt;       background:white;\">Hier werden z.B. die Anzahl der Turnbefreiungen, Anzahl der Konsultationen der Sch\u00fcler\/innen und Lehrer\/innen, die \u00dcberpr\u00fcfung der Sanit\u00e4rhygiene, etc. erfasst<\/li>\n            <\/ul>\n          <\/ul>\n          <ul>\n            <li>Keine M\u00f6glichkeit der Durchf\u00fchrung von Krankenbehandlungen, au\u00dfer nat\u00fcrlich im Notfall<\/li>\n            <li>Keine Ausgabe von Rezepten oder \u00dcberweisungen (bitte wenden Sie sich dazu an Ihren Hausarzt)<\/li>\n          <\/ul>\n        <\/div>\n      <\/div>\n    <\/section>\n    \n    \n    \n  \n<\/div>","protected":false},"excerpt":{"rendered":"<p>Schul\u00e4rztin Dr. Elisabeth Putz Tel: 02762\/52380-260 Email:&nbsp;elisabeth.putz@bildung.gv.at Anwesenheit:&nbsp;&nbsp; &nbsp; &nbsp; &nbsp; &nbsp;&nbsp; Montag 07:45 \u2013 10:45 Uhr Dienstag 11:30 \u2013 13:30 Uhr Donnerstag 07:45 \u2013 10:45 Uhr Die Sch\u00fcler\/innen ben\u00f6tigen keine Termine und keine e-Card Als Schul\u00e4rztin unterliege ich der \u00e4rztlichen Schweigepflicht Meine Aufgaben J\u00e4hrliche Basisuntersuchungen &nbsp;von Sch\u00fcler\/innen zur Vorbeugung und Erfassung von Krankheiten und Entwicklungsst\u00f6rungen, ggf. Information an die &hellip; <a href=\"https:\/\/bglilienfeld.ac.at\/cms_wordpress\/schularzt\/\" class=\"more-link\">Continue reading<span class=\"screen-reader-text\"> &#8222;Schularzt&#8220;<\/span><\/a><\/p>\n","protected":false},"author":1,"featured_media":0,"parent":0,"menu_order":0,"comment_status":"closed","ping_status":"closed","template":"","meta":{"ngg_post_thumbnail":0,"footnotes":""},"class_list":["post-1443","page","type-page","status-publish","hentry"],"yoast_head":"<!-- This site is optimized with the Yoast SEO plugin v27.3 - https:\/\/yoast.com\/product\/yoast-seo-wordpress\/ -->\n<title>Schularzt - BG BRG Lilienfeld<\/title>\n<meta name=\"robots\" content=\"index, follow, max-snippet:-1, max-image-preview:large, max-video-preview:-1\" \/>\n<link rel=\"canonical\" href=\"https:\/\/bglilienfeld.ac.at\/cms_wordpress\/schularzt\/\" \/>\n<meta property=\"og:locale\" content=\"de_DE\" \/>\n<meta property=\"og:type\" content=\"article\" \/>\n<meta property=\"og:title\" content=\"Schularzt - BG BRG Lilienfeld\" \/>\n<meta property=\"og:description\" content=\"Schul\u00e4rztin Dr. Elisabeth Putz Tel: 02762\/52380-260 Email:&nbsp;elisabeth.putz@bildung.gv.at Anwesenheit:&nbsp;&nbsp; &nbsp; &nbsp; &nbsp; &nbsp;&nbsp; Montag 07:45 \u2013 10:45 Uhr Dienstag 11:30 \u2013 13:30 Uhr Donnerstag 07:45 \u2013 10:45 Uhr Die Sch\u00fcler\/innen ben\u00f6tigen keine Termine und keine e-Card Als Schul\u00e4rztin unterliege ich der \u00e4rztlichen Schweigepflicht Meine Aufgaben J\u00e4hrliche Basisuntersuchungen &nbsp;von Sch\u00fcler\/innen zur Vorbeugung und Erfassung von Krankheiten und Entwicklungsst\u00f6rungen, ggf. Information an die &hellip; Continue reading &quot;Schularzt&quot;\" \/>\n<meta property=\"og:url\" content=\"https:\/\/bglilienfeld.ac.at\/cms_wordpress\/schularzt\/\" \/>\n<meta property=\"og:site_name\" content=\"BG BRG Lilienfeld\" \/>\n<meta property=\"article:publisher\" content=\"https:\/\/facebook.com\/martin.komar.9081\" \/>\n<meta property=\"article:modified_time\" content=\"2024-04-30T06:49:31+00:00\" \/>\n<meta name=\"twitter:card\" content=\"summary_large_image\" \/>\n<meta name=\"twitter:label1\" content=\"Gesch\u00e4tzte Lesezeit\" \/>\n\t<meta name=\"twitter:data1\" content=\"2 Minuten\" \/>\n<script type=\"application\/ld+json\" class=\"yoast-schema-graph\">{\"@context\":\"https:\\\/\\\/schema.org\",\"@graph\":[{\"@type\":\"WebPage\",\"@id\":\"https:\\\/\\\/bglilienfeld.ac.at\\\/cms_wordpress\\\/schularzt\\\/\",\"url\":\"https:\\\/\\\/bglilienfeld.ac.at\\\/cms_wordpress\\\/schularzt\\\/\",\"name\":\"Schularzt - BG BRG Lilienfeld\",\"isPartOf\":{\"@id\":\"https:\\\/\\\/bglilienfeld.ac.at\\\/cms_wordpress\\\/#website\"},\"datePublished\":\"2020-04-28T07:33:27+00:00\",\"dateModified\":\"2024-04-30T06:49:31+00:00\",\"breadcrumb\":{\"@id\":\"https:\\\/\\\/bglilienfeld.ac.at\\\/cms_wordpress\\\/schularzt\\\/#breadcrumb\"},\"inLanguage\":\"de-AT\",\"potentialAction\":[{\"@type\":\"ReadAction\",\"target\":[\"https:\\\/\\\/bglilienfeld.ac.at\\\/cms_wordpress\\\/schularzt\\\/\"]}]},{\"@type\":\"BreadcrumbList\",\"@id\":\"https:\\\/\\\/bglilienfeld.ac.at\\\/cms_wordpress\\\/schularzt\\\/#breadcrumb\",\"itemListElement\":[{\"@type\":\"ListItem\",\"position\":1,\"name\":\"Startseite\",\"item\":\"https:\\\/\\\/bglilienfeld.ac.at\\\/cms_wordpress\\\/\"},{\"@type\":\"ListItem\",\"position\":2,\"name\":\"Schularzt\"}]},{\"@type\":\"WebSite\",\"@id\":\"https:\\\/\\\/bglilienfeld.ac.at\\\/cms_wordpress\\\/#website\",\"url\":\"https:\\\/\\\/bglilienfeld.ac.at\\\/cms_wordpress\\\/\",\"name\":\"BG BRG Lilienfeld\",\"description\":\"Der sinnvollste Zeitvertreib bis zum Wochenende\",\"potentialAction\":[{\"@type\":\"SearchAction\",\"target\":{\"@type\":\"EntryPoint\",\"urlTemplate\":\"https:\\\/\\\/bglilienfeld.ac.at\\\/cms_wordpress\\\/?s={search_term_string}\"},\"query-input\":{\"@type\":\"PropertyValueSpecification\",\"valueRequired\":true,\"valueName\":\"search_term_string\"}}],\"inLanguage\":\"de-AT\"}]}<\/script>\n<!-- \/ Yoast SEO plugin. -->","yoast_head_json":{"title":"Schularzt - BG BRG Lilienfeld","robots":{"index":"index","follow":"follow","max-snippet":"max-snippet:-1","max-image-preview":"max-image-preview:large","max-video-preview":"max-video-preview:-1"},"canonical":"https:\/\/bglilienfeld.ac.at\/cms_wordpress\/schularzt\/","og_locale":"de_DE","og_type":"article","og_title":"Schularzt - BG BRG Lilienfeld","og_description":"Schul\u00e4rztin Dr. Elisabeth Putz Tel: 02762\/52380-260 Email:&nbsp;elisabeth.putz@bildung.gv.at Anwesenheit:&nbsp;&nbsp; &nbsp; &nbsp; &nbsp; &nbsp;&nbsp; Montag 07:45 \u2013 10:45 Uhr Dienstag 11:30 \u2013 13:30 Uhr Donnerstag 07:45 \u2013 10:45 Uhr Die Sch\u00fcler\/innen ben\u00f6tigen keine Termine und keine e-Card Als Schul\u00e4rztin unterliege ich der \u00e4rztlichen Schweigepflicht Meine Aufgaben J\u00e4hrliche Basisuntersuchungen &nbsp;von Sch\u00fcler\/innen zur Vorbeugung und Erfassung von Krankheiten und Entwicklungsst\u00f6rungen, ggf. Information an die &hellip; Continue reading \"Schularzt\"","og_url":"https:\/\/bglilienfeld.ac.at\/cms_wordpress\/schularzt\/","og_site_name":"BG BRG Lilienfeld","article_publisher":"https:\/\/facebook.com\/martin.komar.9081","article_modified_time":"2024-04-30T06:49:31+00:00","twitter_card":"summary_large_image","twitter_misc":{"Gesch\u00e4tzte Lesezeit":"2 Minuten"},"schema":{"@context":"https:\/\/schema.org","@graph":[{"@type":"WebPage","@id":"https:\/\/bglilienfeld.ac.at\/cms_wordpress\/schularzt\/","url":"https:\/\/bglilienfeld.ac.at\/cms_wordpress\/schularzt\/","name":"Schularzt - BG BRG Lilienfeld","isPartOf":{"@id":"https:\/\/bglilienfeld.ac.at\/cms_wordpress\/#website"},"datePublished":"2020-04-28T07:33:27+00:00","dateModified":"2024-04-30T06:49:31+00:00","breadcrumb":{"@id":"https:\/\/bglilienfeld.ac.at\/cms_wordpress\/schularzt\/#breadcrumb"},"inLanguage":"de-AT","potentialAction":[{"@type":"ReadAction","target":["https:\/\/bglilienfeld.ac.at\/cms_wordpress\/schularzt\/"]}]},{"@type":"BreadcrumbList","@id":"https:\/\/bglilienfeld.ac.at\/cms_wordpress\/schularzt\/#breadcrumb","itemListElement":[{"@type":"ListItem","position":1,"name":"Startseite","item":"https:\/\/bglilienfeld.ac.at\/cms_wordpress\/"},{"@type":"ListItem","position":2,"name":"Schularzt"}]},{"@type":"WebSite","@id":"https:\/\/bglilienfeld.ac.at\/cms_wordpress\/#website","url":"https:\/\/bglilienfeld.ac.at\/cms_wordpress\/","name":"BG BRG Lilienfeld","description":"Der sinnvollste Zeitvertreib bis zum Wochenende","potentialAction":[{"@type":"SearchAction","target":{"@type":"EntryPoint","urlTemplate":"https:\/\/bglilienfeld.ac.at\/cms_wordpress\/?s={search_term_string}"},"query-input":{"@type":"PropertyValueSpecification","valueRequired":true,"valueName":"search_term_string"}}],"inLanguage":"de-AT"}]}},"_links":{"self":[{"href":"https:\/\/bglilienfeld.ac.at\/cms_wordpress\/wp-json\/wp\/v2\/pages\/1443","targetHints":{"allow":["GET"]}}],"collection":[{"href":"https:\/\/bglilienfeld.ac.at\/cms_wordpress\/wp-json\/wp\/v2\/pages"}],"about":[{"href":"https:\/\/bglilienfeld.ac.at\/cms_wordpress\/wp-json\/wp\/v2\/types\/page"}],"author":[{"embeddable":true,"href":"https:\/\/bglilienfeld.ac.at\/cms_wordpress\/wp-json\/wp\/v2\/users\/1"}],"replies":[{"embeddable":true,"href":"https:\/\/bglilienfeld.ac.at\/cms_wordpress\/wp-json\/wp\/v2\/comments?post=1443"}],"version-history":[{"count":11,"href":"https:\/\/bglilienfeld.ac.at\/cms_wordpress\/wp-json\/wp\/v2\/pages\/1443\/revisions"}],"predecessor-version":[{"id":3538,"href":"https:\/\/bglilienfeld.ac.at\/cms_wordpress\/wp-json\/wp\/v2\/pages\/1443\/revisions\/3538"}],"wp:attachment":[{"href":"https:\/\/bglilienfeld.ac.at\/cms_wordpress\/wp-json\/wp\/v2\/media?parent=1443"}],"curies":[{"name":"wp","href":"https:\/\/api.w.org\/{rel}","templated":true}]}}