{"id":1474,"date":"2020-05-22T12:28:00","date_gmt":"2020-05-22T10:28:00","guid":{"rendered":"http:\/\/bglilienfeld.ac.at\/cms_wordpress\/?page_id=1474"},"modified":"2022-10-28T09:58:40","modified_gmt":"2022-10-28T07:58:40","slug":"schulprofil-2","status":"publish","type":"page","link":"https:\/\/bglilienfeld.ac.at\/cms_wordpress\/schulprofil-2\/","title":{"rendered":"Schulprofil"},"content":{"rendered":"<div class=\"\" style=\"\" >\n    \n    <section class=\"u-align-center u-clearfix u-section-2\" id=\"sec-eede\">\n      <div class=\"u-clearfix u-sheet u-valign-middle u-sheet-1\">\n        <h3 class=\"u-text u-text-1\">Schulprofil<\/h3>\n        <p class=\"u-align-justify u-text u-text-2\">Der Bezirk Lilienfeld mit fast 1000 km2 und etwa 27.000\nEinwohnerInnen braucht ein gutes Gymnasium! Wir wollen unserer Jugend in erreichbarer N\u00e4he eine Ausbildungsst\u00e4tte\nbieten, die einerseits zu einer Reifepr\u00fcfung f\u00fchrt, mit der\nunsere AbsolventInnen an den verschiedenen Universit\u00e4ten,\nHochschulen, Fachhochschulen, Akademien und Kollegs\nbestehen k\u00f6nnen und die andererseits mit entsprechenden\nZusatzqualifikationen auch den Weg in einzelne Berufsfelder ebnet.\nDurch die verkehrstechnische Ankn\u00fcpfung des Pielachtals\nwurde auch den Sch\u00fclerInnen aus diesem Gebiet ein leichter\nerreichbarer Ort f\u00fcr eine h\u00f6here Ausbildung erschlossen.\nEine gro\u00dfe Anzahl an Sch\u00fclerInnen aus Wilhelmsburg und dem\nGro\u00dfraum St. P\u00f6lten zeigt zus\u00e4tzlich die \u00fcberregionale Bedeutung des BG\/BRG Lilienfeld!<\/p>\n      <\/div>\n    <\/section>\n    <section class=\"u-align-center u-clearfix u-section-3\" id=\"sec-40f5\">\n      <div class=\"u-clearfix u-sheet u-valign-middle u-sheet-1\">\n        <h3 class=\"u-text u-text-1\">Schule zum Wohlf\u00fchlen<\/h3>\n        <p class=\"u-align-justify u-text u-text-2\">Ein ganz besonderes Anliegen von uns ist es, dass du dich in unserer\nSchule wohl f\u00fchlst. Warum? Nur wer sich wohl f\u00fchlt, hat auch Spa\u00df\nund Freude am Lernen und erbringt somit bessere Leistungen.\nZum Wohlf\u00fchlen geh\u00f6ren zum Beispiel der Empfang der Sch\u00fcler und Sch\u00fclerinnen und\nEltern und die R\u00e4tselrallye f\u00fcr die ersten Klassen am Schulanfang,\ndas gemeinsame Feiern eines Festes am Schulschluss, Herumtollen,\nSpielen, Faulenzen im Pausenhof oder ein kleines Match am Fu\u00dfballautomaten, die Versorgung mit einer gesunden Jause etc. Zudem\nfindest du bei den Lehrkr\u00e4ften jederzeit ein offenes Ohr f\u00fcr deine Probleme und Anliegen.<\/p>\n      <\/div>\n    <\/section>\n    <section class=\"u-align-center u-clearfix u-section-4\" id=\"sec-d2af\">\n      <div class=\"u-clearfix u-sheet u-valign-middle u-sheet-1\">\n        <h3 class=\"u-text u-text-1\">F\u00f6rdern und Fordern<\/h3>\n        <p class=\"u-align-justify u-text u-text-2\">Durch ein umfassendes Zusatzangebot haben wir die M\u00f6glichkeit,\nSch\u00fcler und Sch\u00fclerinnen mit Schw\u00e4chen in eigenen Kursen gezielt zu f\u00f6rdern und\nTalentierte zu fordern.\nWo wir dich f\u00f6rdern:\n\u2022 Lesef\u00f6rderung\n\u2022 Deutsch f\u00fcr Sch\u00fcler und Sch\u00fclerinnen mit nicht deutscher Muttersprache\n\u2022 Zusatzunterricht nach Bedarf\nWo wir dich fordern:\n\u2022 Begabtenf\u00f6rderungskurse in Englisch und Franz\u00f6sisch\n\u2022 Sommerakademie\n f\u00fcr Begabte und Hochbegabte am Semmering\n\u2022 Winterschool\nTeilnahme an Wettbewerben:\n\u2022 Fremdsprachenwettbewerbe\n\u2022 Redewettbewerb\n\u2022 K\u00e4nguru der Mathematik\n\u2022 Prima la musica\n\u2022 Sportbewerbe (Basketball, Schilauf, Snowboard, Golf,\n Leichtathletik, Fu\u00dfball ...<\/p>\n      <\/div>\n    <\/section>\n    <section class=\"u-align-center u-clearfix u-section-5\" id=\"sec-3933\">\n      <div class=\"u-clearfix u-sheet u-valign-middle u-sheet-1\">\n        <h3 class=\"u-text u-text-1\">Qualifikation<\/h3>\n        <p class=\"u-align-justify u-text u-text-2\">Da in der heutigen Zeit eine vielseitige und umfassende Ausbildung\nimmer wichtiger wird, bieten wir dir an unserer Schule auch die M\u00f6glichkeit, international anerkannte Diplome zu erwerben:\n\u2022 ECDL (Europ\u00e4ischer Computerf\u00fchrerschein)\n ab der 5. Klasse\n\u2022 First Certificate und Advanced Certificate f\u00fcr Englisch,\n ab der 6. Klasse\n\u2022 DELF (Dipl\u00f4me d\u2018\u00e9tudes en langue fran\u00e7aise)\n f\u00fcr Franz\u00f6sisch, 8. Klasse\nIn der Oberstufe kannst du durch Zusatzkurse und Wahlpflichtf\u00e4cher\n(6. \u2013 8. Klasse), deinen Interessen entsprechend, dein Fachwissen\nvertiefen und weitere Qualifikationen erwerben.\n\u2022 Informatik (WPG)\n\u2022 Spanisch maturabel (WPG)\n\u2022 Theorie des Sports und der Bewegung (WPG)\n\u2022 Erste Hilfe-Kurs\n\u2022 Rhetorik\u2013Kurs\n\u2022 Bewerbungstraining\n\u2022 Tanzkurs<\/p>\n      <\/div>\n    <\/section>\n    <section class=\"u-align-center u-clearfix u-section-6\" id=\"sec-e5cc\">\n      <div class=\"u-clearfix u-sheet u-valign-middle u-sheet-1\">\n        <h3 class=\"u-text u-text-1\">Teamf\u00e4higkeit<\/h3>\n        <p class=\"u-align-justify u-text u-text-2\">Die F\u00e4higkeit, gemeinsam mit anderen eine Aufgabe zu l\u00f6sen, wird\nimmer wichtiger in Arbeitswelt und Wissenschaft. Das Entstehen von\nOrganisationsstrukturen, projektbezogenes Arbeiten und die Wissensgesellschaft sind Merkmale, die der Teamf\u00e4higkeit und der sozialen\nKompetenz einen wesentlich gr\u00f6\u00dferen Stellenwert einr\u00e4umen.\nVom Projektunterricht in den einzelnen Gegenst\u00e4nden, den Angeboten zur Entwicklung der Teambildung in den Workshops am Ende\njedes Schuljahres bis hin zur Vorbereitung diverser Buffets und des\nMaturaballs als abschlie\u00dfende gro\u00dfe Projektarbeit hast du die M\u00f6glichkeit, deine Teamf\u00e4higkeit zu erproben und zu st\u00e4rken. Auch durch\nverschiedene sportliche Aktivit\u00e4ten versuchen wir das Zusammengeh\u00f6rigkeitsgef\u00fchl zu f\u00f6rdern.<\/p>\n      <\/div>\n    <\/section>\n    <section class=\"u-align-center u-clearfix u-section-7\" id=\"sec-9814\">\n      <div class=\"u-clearfix u-sheet u-sheet-1\">\n        <h3 class=\"u-text u-text-1\">Kreativit\u00e4t<\/h3>\n        <p class=\"u-align-justify u-text u-text-2\">Neue und originelle L\u00f6sungen zu finden ist eine wesentliche F\u00e4higkeit, um Erfolg im Leben zu haben.\nKreativit\u00e4t ist lernbar und wir wollen dich bei diesem Lernprozess\nunterst\u00fctzen!\nNur wer wei\u00df, was prinzipiell m\u00f6glich ist, kann seine eigenen Ideen\nverwirklichen!\nWo du kreativ sein kannst:\nBeim k\u00fcnstlerischen Gestalten in:\n\u2022 Musikerziehung\n [Pr\u00e4sentation eigener rhythmischer Muster, Choreographien im t\u00e4nzerischen Bereich, Gestaltung instrumentaler\nund vokaler Musikst\u00fccke]\n\u2022 Bildnerischer Erziehung und Werkerziehung\n [Freies und experimentelles Arbeiten, Einsatz visueller\nMedien]\nBeim Finden eigener L\u00f6sungsans\u00e4tze:\n\u2022 in den Naturwissenschaften\nBeim Gestalten von Texten:\n\u2022 in Deutsch, Englisch, Franz\u00f6sisch, Spanisch<\/p>\n      <\/div>\n    <\/section>\n    \n    \n  \n<\/div>","protected":false},"excerpt":{"rendered":"<p>Schulprofil Der Bezirk Lilienfeld mit fast 1000 km2 und etwa 27.000 EinwohnerInnen braucht ein gutes Gymnasium! Wir wollen unserer Jugend in erreichbarer N\u00e4he eine Ausbildungsst\u00e4tte bieten, die einerseits zu einer Reifepr\u00fcfung f\u00fchrt, mit der unsere AbsolventInnen an den verschiedenen Universit\u00e4ten, Hochschulen, Fachhochschulen, Akademien und Kollegs bestehen k\u00f6nnen und die andererseits mit entsprechenden Zusatzqualifikationen auch den Weg in einzelne Berufsfelder ebnet. &hellip; <a href=\"https:\/\/bglilienfeld.ac.at\/cms_wordpress\/schulprofil-2\/\" class=\"more-link\">Continue reading<span class=\"screen-reader-text\"> &#8222;Schulprofil&#8220;<\/span><\/a><\/p>\n","protected":false},"author":1,"featured_media":0,"parent":0,"menu_order":0,"comment_status":"closed","ping_status":"closed","template":"","meta":{"ngg_post_thumbnail":0,"footnotes":""},"class_list":["post-1474","page","type-page","status-publish","hentry"],"yoast_head":"<!-- This site is optimized with the Yoast SEO plugin v27.3 - https:\/\/yoast.com\/product\/yoast-seo-wordpress\/ -->\n<title>Schulprofil - BG BRG Lilienfeld<\/title>\n<meta name=\"robots\" content=\"index, follow, max-snippet:-1, max-image-preview:large, max-video-preview:-1\" \/>\n<link rel=\"canonical\" href=\"https:\/\/bglilienfeld.ac.at\/cms_wordpress\/schulprofil-2\/\" \/>\n<meta property=\"og:locale\" content=\"de_DE\" \/>\n<meta property=\"og:type\" content=\"article\" \/>\n<meta property=\"og:title\" content=\"Schulprofil - BG BRG Lilienfeld\" \/>\n<meta property=\"og:description\" content=\"Schulprofil Der Bezirk Lilienfeld mit fast 1000 km2 und etwa 27.000 EinwohnerInnen braucht ein gutes Gymnasium! Wir wollen unserer Jugend in erreichbarer N\u00e4he eine Ausbildungsst\u00e4tte bieten, die einerseits zu einer Reifepr\u00fcfung f\u00fchrt, mit der unsere AbsolventInnen an den verschiedenen Universit\u00e4ten, Hochschulen, Fachhochschulen, Akademien und Kollegs bestehen k\u00f6nnen und die andererseits mit entsprechenden Zusatzqualifikationen auch den Weg in einzelne Berufsfelder ebnet. &hellip; Continue reading &quot;Schulprofil&quot;\" \/>\n<meta property=\"og:url\" content=\"https:\/\/bglilienfeld.ac.at\/cms_wordpress\/schulprofil-2\/\" \/>\n<meta property=\"og:site_name\" content=\"BG BRG Lilienfeld\" \/>\n<meta property=\"article:publisher\" content=\"https:\/\/facebook.com\/martin.komar.9081\" \/>\n<meta property=\"article:modified_time\" content=\"2022-10-28T07:58:40+00:00\" \/>\n<meta name=\"twitter:card\" content=\"summary_large_image\" \/>\n<meta name=\"twitter:label1\" content=\"Gesch\u00e4tzte Lesezeit\" \/>\n\t<meta name=\"twitter:data1\" content=\"3 Minuten\" \/>\n<script type=\"application\/ld+json\" class=\"yoast-schema-graph\">{\"@context\":\"https:\\\/\\\/schema.org\",\"@graph\":[{\"@type\":\"WebPage\",\"@id\":\"https:\\\/\\\/bglilienfeld.ac.at\\\/cms_wordpress\\\/schulprofil-2\\\/\",\"url\":\"https:\\\/\\\/bglilienfeld.ac.at\\\/cms_wordpress\\\/schulprofil-2\\\/\",\"name\":\"Schulprofil - BG BRG Lilienfeld\",\"isPartOf\":{\"@id\":\"https:\\\/\\\/bglilienfeld.ac.at\\\/cms_wordpress\\\/#website\"},\"datePublished\":\"2020-05-22T10:28:00+00:00\",\"dateModified\":\"2022-10-28T07:58:40+00:00\",\"breadcrumb\":{\"@id\":\"https:\\\/\\\/bglilienfeld.ac.at\\\/cms_wordpress\\\/schulprofil-2\\\/#breadcrumb\"},\"inLanguage\":\"de-AT\",\"potentialAction\":[{\"@type\":\"ReadAction\",\"target\":[\"https:\\\/\\\/bglilienfeld.ac.at\\\/cms_wordpress\\\/schulprofil-2\\\/\"]}]},{\"@type\":\"BreadcrumbList\",\"@id\":\"https:\\\/\\\/bglilienfeld.ac.at\\\/cms_wordpress\\\/schulprofil-2\\\/#breadcrumb\",\"itemListElement\":[{\"@type\":\"ListItem\",\"position\":1,\"name\":\"Startseite\",\"item\":\"https:\\\/\\\/bglilienfeld.ac.at\\\/cms_wordpress\\\/\"},{\"@type\":\"ListItem\",\"position\":2,\"name\":\"Schulprofil\"}]},{\"@type\":\"WebSite\",\"@id\":\"https:\\\/\\\/bglilienfeld.ac.at\\\/cms_wordpress\\\/#website\",\"url\":\"https:\\\/\\\/bglilienfeld.ac.at\\\/cms_wordpress\\\/\",\"name\":\"BG BRG Lilienfeld\",\"description\":\"Der sinnvollste Zeitvertreib bis zum Wochenende\",\"potentialAction\":[{\"@type\":\"SearchAction\",\"target\":{\"@type\":\"EntryPoint\",\"urlTemplate\":\"https:\\\/\\\/bglilienfeld.ac.at\\\/cms_wordpress\\\/?s={search_term_string}\"},\"query-input\":{\"@type\":\"PropertyValueSpecification\",\"valueRequired\":true,\"valueName\":\"search_term_string\"}}],\"inLanguage\":\"de-AT\"}]}<\/script>\n<!-- \/ Yoast SEO plugin. -->","yoast_head_json":{"title":"Schulprofil - BG BRG Lilienfeld","robots":{"index":"index","follow":"follow","max-snippet":"max-snippet:-1","max-image-preview":"max-image-preview:large","max-video-preview":"max-video-preview:-1"},"canonical":"https:\/\/bglilienfeld.ac.at\/cms_wordpress\/schulprofil-2\/","og_locale":"de_DE","og_type":"article","og_title":"Schulprofil - BG BRG Lilienfeld","og_description":"Schulprofil Der Bezirk Lilienfeld mit fast 1000 km2 und etwa 27.000 EinwohnerInnen braucht ein gutes Gymnasium! Wir wollen unserer Jugend in erreichbarer N\u00e4he eine Ausbildungsst\u00e4tte bieten, die einerseits zu einer Reifepr\u00fcfung f\u00fchrt, mit der unsere AbsolventInnen an den verschiedenen Universit\u00e4ten, Hochschulen, Fachhochschulen, Akademien und Kollegs bestehen k\u00f6nnen und die andererseits mit entsprechenden Zusatzqualifikationen auch den Weg in einzelne Berufsfelder ebnet. &hellip; Continue reading \"Schulprofil\"","og_url":"https:\/\/bglilienfeld.ac.at\/cms_wordpress\/schulprofil-2\/","og_site_name":"BG BRG Lilienfeld","article_publisher":"https:\/\/facebook.com\/martin.komar.9081","article_modified_time":"2022-10-28T07:58:40+00:00","twitter_card":"summary_large_image","twitter_misc":{"Gesch\u00e4tzte Lesezeit":"3 Minuten"},"schema":{"@context":"https:\/\/schema.org","@graph":[{"@type":"WebPage","@id":"https:\/\/bglilienfeld.ac.at\/cms_wordpress\/schulprofil-2\/","url":"https:\/\/bglilienfeld.ac.at\/cms_wordpress\/schulprofil-2\/","name":"Schulprofil - BG BRG Lilienfeld","isPartOf":{"@id":"https:\/\/bglilienfeld.ac.at\/cms_wordpress\/#website"},"datePublished":"2020-05-22T10:28:00+00:00","dateModified":"2022-10-28T07:58:40+00:00","breadcrumb":{"@id":"https:\/\/bglilienfeld.ac.at\/cms_wordpress\/schulprofil-2\/#breadcrumb"},"inLanguage":"de-AT","potentialAction":[{"@type":"ReadAction","target":["https:\/\/bglilienfeld.ac.at\/cms_wordpress\/schulprofil-2\/"]}]},{"@type":"BreadcrumbList","@id":"https:\/\/bglilienfeld.ac.at\/cms_wordpress\/schulprofil-2\/#breadcrumb","itemListElement":[{"@type":"ListItem","position":1,"name":"Startseite","item":"https:\/\/bglilienfeld.ac.at\/cms_wordpress\/"},{"@type":"ListItem","position":2,"name":"Schulprofil"}]},{"@type":"WebSite","@id":"https:\/\/bglilienfeld.ac.at\/cms_wordpress\/#website","url":"https:\/\/bglilienfeld.ac.at\/cms_wordpress\/","name":"BG BRG Lilienfeld","description":"Der sinnvollste Zeitvertreib bis zum Wochenende","potentialAction":[{"@type":"SearchAction","target":{"@type":"EntryPoint","urlTemplate":"https:\/\/bglilienfeld.ac.at\/cms_wordpress\/?s={search_term_string}"},"query-input":{"@type":"PropertyValueSpecification","valueRequired":true,"valueName":"search_term_string"}}],"inLanguage":"de-AT"}]}},"_links":{"self":[{"href":"https:\/\/bglilienfeld.ac.at\/cms_wordpress\/wp-json\/wp\/v2\/pages\/1474","targetHints":{"allow":["GET"]}}],"collection":[{"href":"https:\/\/bglilienfeld.ac.at\/cms_wordpress\/wp-json\/wp\/v2\/pages"}],"about":[{"href":"https:\/\/bglilienfeld.ac.at\/cms_wordpress\/wp-json\/wp\/v2\/types\/page"}],"author":[{"embeddable":true,"href":"https:\/\/bglilienfeld.ac.at\/cms_wordpress\/wp-json\/wp\/v2\/users\/1"}],"replies":[{"embeddable":true,"href":"https:\/\/bglilienfeld.ac.at\/cms_wordpress\/wp-json\/wp\/v2\/comments?post=1474"}],"version-history":[{"count":1,"href":"https:\/\/bglilienfeld.ac.at\/cms_wordpress\/wp-json\/wp\/v2\/pages\/1474\/revisions"}],"predecessor-version":[{"id":2660,"href":"https:\/\/bglilienfeld.ac.at\/cms_wordpress\/wp-json\/wp\/v2\/pages\/1474\/revisions\/2660"}],"wp:attachment":[{"href":"https:\/\/bglilienfeld.ac.at\/cms_wordpress\/wp-json\/wp\/v2\/media?parent=1474"}],"curies":[{"name":"wp","href":"https:\/\/api.w.org\/{rel}","templated":true}]}}