{"id":1524,"date":"2020-10-14T16:54:50","date_gmt":"2020-10-14T14:54:50","guid":{"rendered":"http:\/\/bglilienfeld.ac.at\/cms_wordpress\/?page_id=1524"},"modified":"2021-06-22T11:41:12","modified_gmt":"2021-06-22T09:41:12","slug":"impressum","status":"publish","type":"page","link":"https:\/\/bglilienfeld.ac.at\/cms_wordpress\/impressum\/","title":{"rendered":"Impressum"},"content":{"rendered":"<div class=\"\" style=\"\" >\n    \n    <section class=\"u-clearfix u-section-2\" id=\"sec-76f4\">\n      <div class=\"u-clearfix u-sheet u-sheet-1\">\n        <h1 class=\"u-text u-text-1\">Webseiteninhaber:<\/h1>\n        <p class=\"u-text u-text-default u-text-2\">Bundesgymnasium und Bundesrealgymnasium Lilienfeld<br>Klosterrotte 1<br>3180 LILIENFELD&nbsp;Tel: +43 (0) 2762 \/ 52 380<br>Fax: +43 (0) 2762 \/ 52 380 28<br>E-Mail:&nbsp;<a href=\"mailto:sekretariat@bglilienfeld.ac.at\">sekretariat@bglilienfeld.ac.at<\/a>\n          <br>SKZ: 314016<br>\n          <br>\n        <\/p>\n        <h1 class=\"u-text u-text-default u-text-3\">Webdesign und Verwaltung:<\/h1>\n        <img decoding=\"async\" data-src=\"http:\/\/bglilienfeld.ac.at\/cms_wordpress\/wp-content\/uploads\/2020\/10\/MllerMichael.jpg\" alt=\"\" class=\"u-image u-image-default u-image-1 lazyload\" src=\"data:image\/svg+xml;base64,PHN2ZyB3aWR0aD0iMSIgaGVpZ2h0PSIxIiB4bWxucz0iaHR0cDovL3d3dy53My5vcmcvMjAwMC9zdmciPjwvc3ZnPg==\">\n        <p class=\"u-text u-text-default u-text-4\">Mag. Michael M\u00fcller (EDV Kustos und Lehrer am Gymnasium)<br>E-Mail:&nbsp;<a href=\"mailto:michael.mueller@bildung.gv.at\">michael.mueller@bildung.gv.at<\/a>\n        <\/p>\n      <\/div>\n    <\/section>\n    <section class=\"u-clearfix u-section-3\" id=\"sec-aaef\">\n      <div class=\"u-clearfix u-sheet u-sheet-1\">\n        <h1 class=\"u-text u-text-default u-text-1\">Amtssignatur:<\/h1>\n        <p class=\"u-text u-text-2\">Mit der Amtssignatur versehene elektronische Dokumente des BG\/BRG Lilienfeld werden mit der folgenden Bildmarke gekennzeichnet:&nbsp;<a href=\"https:\/\/www.edusig.gv.at\/amtssignatur_schulen.pdf\" class=\"u-active-none u-border-none u-btn u-button-link u-button-style u-hover-none u-none u-text-palette-1-base u-btn-1\" target=\"_blank\">\n            <br>Ver\u00f6ffentlichung der Bildmarke gem\u00e4\u00df \u00a719 E-Government-Gesetz\n          <\/a>\n        <\/p>\n        <img decoding=\"async\" data-src=\"https:\/\/bglilienfeld.ac.at\/cms_wordpress\/wp-content\/uploads\/2021\/06\/edusig_logo.jpg\" alt=\"\" class=\"u-image u-image-default u-image-1 lazyload\" data-image-width=\"185\" data-image-height=\"185\" data-href=\"https:\/\/www.edusig.gv.at\/amtssignatur_schulen.pdf\" data-target=\"_blank\" src=\"data:image\/svg+xml;base64,PHN2ZyB3aWR0aD0iMSIgaGVpZ2h0PSIxIiB4bWxucz0iaHR0cDovL3d3dy53My5vcmcvMjAwMC9zdmciPjwvc3ZnPg==\" style=\"--smush-placeholder-width: 185px; --smush-placeholder-aspect-ratio: 185\/185;\">\n      <\/div>\n    <\/section>\n    \n    \n  \n<\/div>","protected":false},"excerpt":{"rendered":"<p>Webseiteninhaber: Bundesgymnasium und Bundesrealgymnasium LilienfeldKlosterrotte 13180 LILIENFELD&nbsp;Tel: +43 (0) 2762 \/ 52 380Fax: +43 (0) 2762 \/ 52 380 28E-Mail:&nbsp;sekretariat@bglilienfeld.ac.at SKZ: 314016 Webdesign und Verwaltung: Mag. Michael M\u00fcller (EDV Kustos und Lehrer am Gymnasium)E-Mail:&nbsp;michael.mueller@bildung.gv.at Amtssignatur: Mit der Amtssignatur versehene elektronische Dokumente des BG\/BRG Lilienfeld werden mit der folgenden Bildmarke gekennzeichnet:&nbsp; Ver\u00f6ffentlichung der Bildmarke gem\u00e4\u00df \u00a719 E-Government-Gesetz<\/p>\n","protected":false},"author":1,"featured_media":0,"parent":0,"menu_order":0,"comment_status":"closed","ping_status":"closed","template":"","meta":{"ngg_post_thumbnail":0,"footnotes":""},"class_list":["post-1524","page","type-page","status-publish","hentry"],"yoast_head":"<!-- This site is optimized with the Yoast SEO plugin v27.3 - https:\/\/yoast.com\/product\/yoast-seo-wordpress\/ -->\n<title>Impressum - BG BRG Lilienfeld<\/title>\n<meta name=\"robots\" content=\"index, follow, max-snippet:-1, max-image-preview:large, max-video-preview:-1\" \/>\n<link rel=\"canonical\" href=\"https:\/\/bglilienfeld.ac.at\/cms_wordpress\/impressum\/\" \/>\n<meta property=\"og:locale\" content=\"de_DE\" \/>\n<meta property=\"og:type\" content=\"article\" \/>\n<meta property=\"og:title\" content=\"Impressum - BG BRG Lilienfeld\" \/>\n<meta property=\"og:description\" content=\"Webseiteninhaber: Bundesgymnasium und Bundesrealgymnasium LilienfeldKlosterrotte 13180 LILIENFELD&nbsp;Tel: +43 (0) 2762 \/ 52 380Fax: +43 (0) 2762 \/ 52 380 28E-Mail:&nbsp;sekretariat@bglilienfeld.ac.at SKZ: 314016 Webdesign und Verwaltung: Mag. Michael M\u00fcller (EDV Kustos und Lehrer am Gymnasium)E-Mail:&nbsp;michael.mueller@bildung.gv.at Amtssignatur: Mit der Amtssignatur versehene elektronische Dokumente des BG\/BRG Lilienfeld werden mit der folgenden Bildmarke gekennzeichnet:&nbsp; Ver\u00f6ffentlichung der Bildmarke gem\u00e4\u00df \u00a719 E-Government-Gesetz\" \/>\n<meta property=\"og:url\" content=\"https:\/\/bglilienfeld.ac.at\/cms_wordpress\/impressum\/\" \/>\n<meta property=\"og:site_name\" content=\"BG BRG Lilienfeld\" \/>\n<meta property=\"article:publisher\" content=\"https:\/\/facebook.com\/martin.komar.9081\" \/>\n<meta property=\"article:modified_time\" content=\"2021-06-22T09:41:12+00:00\" \/>\n<meta name=\"twitter:card\" content=\"summary_large_image\" \/>\n<script type=\"application\/ld+json\" class=\"yoast-schema-graph\">{\"@context\":\"https:\\\/\\\/schema.org\",\"@graph\":[{\"@type\":\"WebPage\",\"@id\":\"https:\\\/\\\/bglilienfeld.ac.at\\\/cms_wordpress\\\/impressum\\\/\",\"url\":\"https:\\\/\\\/bglilienfeld.ac.at\\\/cms_wordpress\\\/impressum\\\/\",\"name\":\"Impressum - BG BRG Lilienfeld\",\"isPartOf\":{\"@id\":\"https:\\\/\\\/bglilienfeld.ac.at\\\/cms_wordpress\\\/#website\"},\"datePublished\":\"2020-10-14T14:54:50+00:00\",\"dateModified\":\"2021-06-22T09:41:12+00:00\",\"breadcrumb\":{\"@id\":\"https:\\\/\\\/bglilienfeld.ac.at\\\/cms_wordpress\\\/impressum\\\/#breadcrumb\"},\"inLanguage\":\"de-AT\",\"potentialAction\":[{\"@type\":\"ReadAction\",\"target\":[\"https:\\\/\\\/bglilienfeld.ac.at\\\/cms_wordpress\\\/impressum\\\/\"]}]},{\"@type\":\"BreadcrumbList\",\"@id\":\"https:\\\/\\\/bglilienfeld.ac.at\\\/cms_wordpress\\\/impressum\\\/#breadcrumb\",\"itemListElement\":[{\"@type\":\"ListItem\",\"position\":1,\"name\":\"Startseite\",\"item\":\"https:\\\/\\\/bglilienfeld.ac.at\\\/cms_wordpress\\\/\"},{\"@type\":\"ListItem\",\"position\":2,\"name\":\"Impressum\"}]},{\"@type\":\"WebSite\",\"@id\":\"https:\\\/\\\/bglilienfeld.ac.at\\\/cms_wordpress\\\/#website\",\"url\":\"https:\\\/\\\/bglilienfeld.ac.at\\\/cms_wordpress\\\/\",\"name\":\"BG BRG Lilienfeld\",\"description\":\"Der sinnvollste Zeitvertreib bis zum Wochenende\",\"potentialAction\":[{\"@type\":\"SearchAction\",\"target\":{\"@type\":\"EntryPoint\",\"urlTemplate\":\"https:\\\/\\\/bglilienfeld.ac.at\\\/cms_wordpress\\\/?s={search_term_string}\"},\"query-input\":{\"@type\":\"PropertyValueSpecification\",\"valueRequired\":true,\"valueName\":\"search_term_string\"}}],\"inLanguage\":\"de-AT\"}]}<\/script>\n<!-- \/ Yoast SEO plugin. -->","yoast_head_json":{"title":"Impressum - BG BRG Lilienfeld","robots":{"index":"index","follow":"follow","max-snippet":"max-snippet:-1","max-image-preview":"max-image-preview:large","max-video-preview":"max-video-preview:-1"},"canonical":"https:\/\/bglilienfeld.ac.at\/cms_wordpress\/impressum\/","og_locale":"de_DE","og_type":"article","og_title":"Impressum - BG BRG Lilienfeld","og_description":"Webseiteninhaber: Bundesgymnasium und Bundesrealgymnasium LilienfeldKlosterrotte 13180 LILIENFELD&nbsp;Tel: +43 (0) 2762 \/ 52 380Fax: +43 (0) 2762 \/ 52 380 28E-Mail:&nbsp;sekretariat@bglilienfeld.ac.at SKZ: 314016 Webdesign und Verwaltung: Mag. Michael M\u00fcller (EDV Kustos und Lehrer am Gymnasium)E-Mail:&nbsp;michael.mueller@bildung.gv.at Amtssignatur: Mit der Amtssignatur versehene elektronische Dokumente des BG\/BRG Lilienfeld werden mit der folgenden Bildmarke gekennzeichnet:&nbsp; Ver\u00f6ffentlichung der Bildmarke gem\u00e4\u00df \u00a719 E-Government-Gesetz","og_url":"https:\/\/bglilienfeld.ac.at\/cms_wordpress\/impressum\/","og_site_name":"BG BRG Lilienfeld","article_publisher":"https:\/\/facebook.com\/martin.komar.9081","article_modified_time":"2021-06-22T09:41:12+00:00","twitter_card":"summary_large_image","schema":{"@context":"https:\/\/schema.org","@graph":[{"@type":"WebPage","@id":"https:\/\/bglilienfeld.ac.at\/cms_wordpress\/impressum\/","url":"https:\/\/bglilienfeld.ac.at\/cms_wordpress\/impressum\/","name":"Impressum - BG BRG Lilienfeld","isPartOf":{"@id":"https:\/\/bglilienfeld.ac.at\/cms_wordpress\/#website"},"datePublished":"2020-10-14T14:54:50+00:00","dateModified":"2021-06-22T09:41:12+00:00","breadcrumb":{"@id":"https:\/\/bglilienfeld.ac.at\/cms_wordpress\/impressum\/#breadcrumb"},"inLanguage":"de-AT","potentialAction":[{"@type":"ReadAction","target":["https:\/\/bglilienfeld.ac.at\/cms_wordpress\/impressum\/"]}]},{"@type":"BreadcrumbList","@id":"https:\/\/bglilienfeld.ac.at\/cms_wordpress\/impressum\/#breadcrumb","itemListElement":[{"@type":"ListItem","position":1,"name":"Startseite","item":"https:\/\/bglilienfeld.ac.at\/cms_wordpress\/"},{"@type":"ListItem","position":2,"name":"Impressum"}]},{"@type":"WebSite","@id":"https:\/\/bglilienfeld.ac.at\/cms_wordpress\/#website","url":"https:\/\/bglilienfeld.ac.at\/cms_wordpress\/","name":"BG BRG Lilienfeld","description":"Der sinnvollste Zeitvertreib bis zum Wochenende","potentialAction":[{"@type":"SearchAction","target":{"@type":"EntryPoint","urlTemplate":"https:\/\/bglilienfeld.ac.at\/cms_wordpress\/?s={search_term_string}"},"query-input":{"@type":"PropertyValueSpecification","valueRequired":true,"valueName":"search_term_string"}}],"inLanguage":"de-AT"}]}},"_links":{"self":[{"href":"https:\/\/bglilienfeld.ac.at\/cms_wordpress\/wp-json\/wp\/v2\/pages\/1524","targetHints":{"allow":["GET"]}}],"collection":[{"href":"https:\/\/bglilienfeld.ac.at\/cms_wordpress\/wp-json\/wp\/v2\/pages"}],"about":[{"href":"https:\/\/bglilienfeld.ac.at\/cms_wordpress\/wp-json\/wp\/v2\/types\/page"}],"author":[{"embeddable":true,"href":"https:\/\/bglilienfeld.ac.at\/cms_wordpress\/wp-json\/wp\/v2\/users\/1"}],"replies":[{"embeddable":true,"href":"https:\/\/bglilienfeld.ac.at\/cms_wordpress\/wp-json\/wp\/v2\/comments?post=1524"}],"version-history":[{"count":5,"href":"https:\/\/bglilienfeld.ac.at\/cms_wordpress\/wp-json\/wp\/v2\/pages\/1524\/revisions"}],"predecessor-version":[{"id":1820,"href":"https:\/\/bglilienfeld.ac.at\/cms_wordpress\/wp-json\/wp\/v2\/pages\/1524\/revisions\/1820"}],"wp:attachment":[{"href":"https:\/\/bglilienfeld.ac.at\/cms_wordpress\/wp-json\/wp\/v2\/media?parent=1524"}],"curies":[{"name":"wp","href":"https:\/\/api.w.org\/{rel}","templated":true}]}}