{"id":320,"date":"2020-02-03T14:46:33","date_gmt":"2020-02-03T13:46:33","guid":{"rendered":"http:\/\/bglilienfeld.ac.at\/cms_wordpress\/?page_id=320"},"modified":"2025-09-19T08:16:14","modified_gmt":"2025-09-19T06:16:14","slug":"forderverein","status":"publish","type":"page","link":"https:\/\/bglilienfeld.ac.at\/cms_wordpress\/forderverein\/","title":{"rendered":"F\u00f6rderverein"},"content":{"rendered":"<div class=\"\" style=\"\" >\n    \n    <section class=\"u-black u-clearfix u-section-2\" id=\"sec-eb94\">\n      <div class=\"u-clearfix u-sheet u-sheet-1\"><\/div>\n    <\/section>\n    <section class=\"u-clearfix u-section-3\" id=\"sec-968d\">\n      <div class=\"u-clearfix u-sheet u-sheet-1\">\n        <h1 class=\"u-text u-text-1\">F\u00f6rderverein<\/h1>\n        <p class=\"u-text u-text-2\"><b>VEREIN DER FREUNDE UND F\u00d6RDERER DES GYM \u2013 LILIENFELD&nbsp;<\/b>\n          <br>\n          <br>Seit\ndem Jahr 2008 ist der Verein der Freunde und F\u00f6rderer des Gym - Lilienfeld ein\nwichtiger Bestandteil unserer Schulgemeinschaft.\n&nbsp;\nEine Aufgabe&nbsp;des\nVereins liegt in der Pflege von Kontakten zwischen ehemaligen Sch\u00fclerInnen und\nLehrerInnen der Schule untereinander sowie zu FreundInnen und F\u00f6rderinnen\/ F\u00f6rderern.<br>\n          <br> Der Verein, dessen T\u00e4tigkeit nicht auf Gewinn\ngerichtet ist, bezweckt die Durchf\u00fchrung und F\u00f6rderung von Veranstaltungen\ngesellschaftlicher, kultureller, sportlicher und schulischer Art.<br><!--[if !supportLineBreakNewLine]-->\n          <br><!--[endif]--> Weiters ist auch die Aufbringung von Mitteln zur Beschaffung von\nLernbehelfen und sonstigen Sachspenden f\u00fcr die Zwecke des Gymnasiums Lilienfeld\nein Ziel des Vereins. Die Erh\u00f6hung der Qualit\u00e4t des Schulbetriebes und der\nAngebote der Schule werden dadurch gef\u00f6rdert.<br>\n          <br> Ein weiterer Eckpfeiler soll das soziale\nEngagement, z.B.: die Unterst\u00fctzung bed\u00fcrftiger bzw. die F\u00f6rderung und\nAuszeichnung begabter Sch\u00fclerInnen sein.<br>\n          <br>Am 21.6. 2022 wurde der\nneue Vorstand des Vereins der Freunde und F\u00f6rderer des Gym \u2013 Lilienfeld\ngew\u00e4hlt.&nbsp;<br>\n          <br>Der Vorstand setzt sich wie folgt zusammen:<br>\n          <br>Obfrau:&nbsp;&nbsp;<br>Mag.\u1d43 Andrea RAUCH&nbsp;&nbsp;<br>\n          <br>Stellvertreter:&nbsp; &nbsp;<br>Mag. Manfred HINTERMAYER<br>&nbsp; &nbsp;&nbsp;<br>Schriftf\u00fchrerin:<br>Mag.\u1d43 Martina RAUCH&nbsp;&nbsp;&nbsp;&nbsp;<br>\n          <br>Stellvertreterin:<br>Mag.\u1d43&nbsp;Petra K\u00d6NIGSBERGER<br>\n          <br>Kassier:&nbsp;&nbsp;<br>Mag. Nicolas WEGHAUPT<br>\n          <br>Stellvertreterin:&nbsp;<br>Mag.\u1d43 Karin RAMEL<br>\n          <br>Rechnungspr\u00fcfer:&nbsp;&nbsp;&nbsp;<br>Maximilian SUPPAN, MEd.&nbsp;<br>\n          <br>Stellvertreter:&nbsp;<br>Florian DAMB\u00d6CK, MEd.<br>\n          <br>Durch die Gr\u00fcndung des\nF\u00f6rdervereins&nbsp;beleben wir bei den Sch\u00fclerInnen, LehrerInnen und AbsolventInnen\ndas Gef\u00fchl, dass sie auf ihre Schule besonders stolz sein k\u00f6nnen, und wir geben\nauch den Eltern der jetzigen und der zuk\u00fcnftigen Sch\u00fclerInnen die \u00dcberzeugung,\ndass ihre Kinder nicht nur eine optimale Schulbildung erhalten, sondern durch\nden Geist des Gymnasiums Lilienfeld auch eine wertvolle Lebensgrundlage f\u00fcr\nihren weiteren Lebensweg mitbekommen.\n&nbsp;<br>&nbsp;&nbsp;<br><b>Beitrittsm\u00f6glichkeiten:&nbsp; &nbsp;&nbsp;<\/b>\n          <br>\n          <br>\n          <a href=\"https:\/\/bglilienfeld.ac.at\/cms_wordpress\/wp-content\/uploads\/2022\/11\/FoerdervereinBeitrittsformular.docx\" class=\"u-active-none u-border-none u-btn u-button-link u-button-style u-file-link u-hover-none u-none u-text-palette-1-base u-btn-1\">Beitrittsformular<\/a>\n          <br>\n          <br>1: Das Beitrittsformular ausf\u00fcllen und an die Schule schicken.&nbsp; <br>2: In der Schule\npers\u00f6nlich eine Beitrittserkl\u00e4rung abgeben.&nbsp;<br>3. Kontaktadresse: andrea.rauch@bildung.gv.at\noder telefonisch unter 02762 \/ 52380&nbsp; &nbsp;&nbsp;<br>Alle, die sich mit dem Gym-Lilienfeld\nidentifizieren k\u00f6nnen, bitten wir m\u00f6glichst rasch beizutreten, um die Bedeutung\nunserer Schule weiter zu erh\u00f6hen.<br>\n        <\/p>\n      <\/div>\n    <\/section>\n    \n    \n    \n  \n<\/div>","protected":false},"excerpt":{"rendered":"<p>F\u00f6rderverein VEREIN DER FREUNDE UND F\u00d6RDERER DES GYM \u2013 LILIENFELD&nbsp; Seit dem Jahr 2008 ist der Verein der Freunde und F\u00f6rderer des Gym &#8211; Lilienfeld ein wichtiger Bestandteil unserer Schulgemeinschaft. &nbsp; Eine Aufgabe&nbsp;des Vereins liegt in der Pflege von Kontakten zwischen ehemaligen Sch\u00fclerInnen und LehrerInnen der Schule untereinander sowie zu FreundInnen und F\u00f6rderinnen\/ F\u00f6rderern. Der Verein, dessen T\u00e4tigkeit nicht auf &hellip; <a href=\"https:\/\/bglilienfeld.ac.at\/cms_wordpress\/forderverein\/\" class=\"more-link\">Continue reading<span class=\"screen-reader-text\"> &#8222;F\u00f6rderverein&#8220;<\/span><\/a><\/p>\n","protected":false},"author":1,"featured_media":0,"parent":0,"menu_order":0,"comment_status":"closed","ping_status":"closed","template":"","meta":{"ngg_post_thumbnail":0,"footnotes":""},"class_list":["post-320","page","type-page","status-publish","hentry"],"yoast_head":"<!-- This site is optimized with the Yoast SEO plugin v27.3 - https:\/\/yoast.com\/product\/yoast-seo-wordpress\/ -->\n<title>F\u00f6rderverein - BG BRG Lilienfeld<\/title>\n<meta name=\"robots\" content=\"index, follow, max-snippet:-1, max-image-preview:large, max-video-preview:-1\" \/>\n<link rel=\"canonical\" href=\"https:\/\/bglilienfeld.ac.at\/cms_wordpress\/forderverein\/\" \/>\n<meta property=\"og:locale\" content=\"de_DE\" \/>\n<meta property=\"og:type\" content=\"article\" \/>\n<meta property=\"og:title\" content=\"F\u00f6rderverein - BG BRG Lilienfeld\" \/>\n<meta property=\"og:description\" content=\"F\u00f6rderverein VEREIN DER FREUNDE UND F\u00d6RDERER DES GYM \u2013 LILIENFELD&nbsp; Seit dem Jahr 2008 ist der Verein der Freunde und F\u00f6rderer des Gym - Lilienfeld ein wichtiger Bestandteil unserer Schulgemeinschaft. &nbsp; Eine Aufgabe&nbsp;des Vereins liegt in der Pflege von Kontakten zwischen ehemaligen Sch\u00fclerInnen und LehrerInnen der Schule untereinander sowie zu FreundInnen und F\u00f6rderinnen\/ F\u00f6rderern. Der Verein, dessen T\u00e4tigkeit nicht auf &hellip; Continue reading &quot;F\u00f6rderverein&quot;\" \/>\n<meta property=\"og:url\" content=\"https:\/\/bglilienfeld.ac.at\/cms_wordpress\/forderverein\/\" \/>\n<meta property=\"og:site_name\" content=\"BG BRG Lilienfeld\" \/>\n<meta property=\"article:publisher\" content=\"https:\/\/facebook.com\/martin.komar.9081\" \/>\n<meta property=\"article:modified_time\" content=\"2025-09-19T06:16:14+00:00\" \/>\n<meta name=\"twitter:card\" content=\"summary_large_image\" \/>\n<meta name=\"twitter:label1\" content=\"Gesch\u00e4tzte Lesezeit\" \/>\n\t<meta name=\"twitter:data1\" content=\"2 Minuten\" \/>\n<script type=\"application\/ld+json\" class=\"yoast-schema-graph\">{\"@context\":\"https:\\\/\\\/schema.org\",\"@graph\":[{\"@type\":\"WebPage\",\"@id\":\"https:\\\/\\\/bglilienfeld.ac.at\\\/cms_wordpress\\\/forderverein\\\/\",\"url\":\"https:\\\/\\\/bglilienfeld.ac.at\\\/cms_wordpress\\\/forderverein\\\/\",\"name\":\"F\u00f6rderverein - BG BRG Lilienfeld\",\"isPartOf\":{\"@id\":\"https:\\\/\\\/bglilienfeld.ac.at\\\/cms_wordpress\\\/#website\"},\"datePublished\":\"2020-02-03T13:46:33+00:00\",\"dateModified\":\"2025-09-19T06:16:14+00:00\",\"breadcrumb\":{\"@id\":\"https:\\\/\\\/bglilienfeld.ac.at\\\/cms_wordpress\\\/forderverein\\\/#breadcrumb\"},\"inLanguage\":\"de-AT\",\"potentialAction\":[{\"@type\":\"ReadAction\",\"target\":[\"https:\\\/\\\/bglilienfeld.ac.at\\\/cms_wordpress\\\/forderverein\\\/\"]}]},{\"@type\":\"BreadcrumbList\",\"@id\":\"https:\\\/\\\/bglilienfeld.ac.at\\\/cms_wordpress\\\/forderverein\\\/#breadcrumb\",\"itemListElement\":[{\"@type\":\"ListItem\",\"position\":1,\"name\":\"Startseite\",\"item\":\"https:\\\/\\\/bglilienfeld.ac.at\\\/cms_wordpress\\\/\"},{\"@type\":\"ListItem\",\"position\":2,\"name\":\"F\u00f6rderverein\"}]},{\"@type\":\"WebSite\",\"@id\":\"https:\\\/\\\/bglilienfeld.ac.at\\\/cms_wordpress\\\/#website\",\"url\":\"https:\\\/\\\/bglilienfeld.ac.at\\\/cms_wordpress\\\/\",\"name\":\"BG BRG Lilienfeld\",\"description\":\"Der sinnvollste Zeitvertreib bis zum Wochenende\",\"potentialAction\":[{\"@type\":\"SearchAction\",\"target\":{\"@type\":\"EntryPoint\",\"urlTemplate\":\"https:\\\/\\\/bglilienfeld.ac.at\\\/cms_wordpress\\\/?s={search_term_string}\"},\"query-input\":{\"@type\":\"PropertyValueSpecification\",\"valueRequired\":true,\"valueName\":\"search_term_string\"}}],\"inLanguage\":\"de-AT\"}]}<\/script>\n<!-- \/ Yoast SEO plugin. -->","yoast_head_json":{"title":"F\u00f6rderverein - BG BRG Lilienfeld","robots":{"index":"index","follow":"follow","max-snippet":"max-snippet:-1","max-image-preview":"max-image-preview:large","max-video-preview":"max-video-preview:-1"},"canonical":"https:\/\/bglilienfeld.ac.at\/cms_wordpress\/forderverein\/","og_locale":"de_DE","og_type":"article","og_title":"F\u00f6rderverein - BG BRG Lilienfeld","og_description":"F\u00f6rderverein VEREIN DER FREUNDE UND F\u00d6RDERER DES GYM \u2013 LILIENFELD&nbsp; Seit dem Jahr 2008 ist der Verein der Freunde und F\u00f6rderer des Gym - Lilienfeld ein wichtiger Bestandteil unserer Schulgemeinschaft. &nbsp; Eine Aufgabe&nbsp;des Vereins liegt in der Pflege von Kontakten zwischen ehemaligen Sch\u00fclerInnen und LehrerInnen der Schule untereinander sowie zu FreundInnen und F\u00f6rderinnen\/ F\u00f6rderern. Der Verein, dessen T\u00e4tigkeit nicht auf &hellip; Continue reading \"F\u00f6rderverein\"","og_url":"https:\/\/bglilienfeld.ac.at\/cms_wordpress\/forderverein\/","og_site_name":"BG BRG Lilienfeld","article_publisher":"https:\/\/facebook.com\/martin.komar.9081","article_modified_time":"2025-09-19T06:16:14+00:00","twitter_card":"summary_large_image","twitter_misc":{"Gesch\u00e4tzte Lesezeit":"2 Minuten"},"schema":{"@context":"https:\/\/schema.org","@graph":[{"@type":"WebPage","@id":"https:\/\/bglilienfeld.ac.at\/cms_wordpress\/forderverein\/","url":"https:\/\/bglilienfeld.ac.at\/cms_wordpress\/forderverein\/","name":"F\u00f6rderverein - BG BRG Lilienfeld","isPartOf":{"@id":"https:\/\/bglilienfeld.ac.at\/cms_wordpress\/#website"},"datePublished":"2020-02-03T13:46:33+00:00","dateModified":"2025-09-19T06:16:14+00:00","breadcrumb":{"@id":"https:\/\/bglilienfeld.ac.at\/cms_wordpress\/forderverein\/#breadcrumb"},"inLanguage":"de-AT","potentialAction":[{"@type":"ReadAction","target":["https:\/\/bglilienfeld.ac.at\/cms_wordpress\/forderverein\/"]}]},{"@type":"BreadcrumbList","@id":"https:\/\/bglilienfeld.ac.at\/cms_wordpress\/forderverein\/#breadcrumb","itemListElement":[{"@type":"ListItem","position":1,"name":"Startseite","item":"https:\/\/bglilienfeld.ac.at\/cms_wordpress\/"},{"@type":"ListItem","position":2,"name":"F\u00f6rderverein"}]},{"@type":"WebSite","@id":"https:\/\/bglilienfeld.ac.at\/cms_wordpress\/#website","url":"https:\/\/bglilienfeld.ac.at\/cms_wordpress\/","name":"BG BRG Lilienfeld","description":"Der sinnvollste Zeitvertreib bis zum Wochenende","potentialAction":[{"@type":"SearchAction","target":{"@type":"EntryPoint","urlTemplate":"https:\/\/bglilienfeld.ac.at\/cms_wordpress\/?s={search_term_string}"},"query-input":{"@type":"PropertyValueSpecification","valueRequired":true,"valueName":"search_term_string"}}],"inLanguage":"de-AT"}]}},"_links":{"self":[{"href":"https:\/\/bglilienfeld.ac.at\/cms_wordpress\/wp-json\/wp\/v2\/pages\/320","targetHints":{"allow":["GET"]}}],"collection":[{"href":"https:\/\/bglilienfeld.ac.at\/cms_wordpress\/wp-json\/wp\/v2\/pages"}],"about":[{"href":"https:\/\/bglilienfeld.ac.at\/cms_wordpress\/wp-json\/wp\/v2\/types\/page"}],"author":[{"embeddable":true,"href":"https:\/\/bglilienfeld.ac.at\/cms_wordpress\/wp-json\/wp\/v2\/users\/1"}],"replies":[{"embeddable":true,"href":"https:\/\/bglilienfeld.ac.at\/cms_wordpress\/wp-json\/wp\/v2\/comments?post=320"}],"version-history":[{"count":10,"href":"https:\/\/bglilienfeld.ac.at\/cms_wordpress\/wp-json\/wp\/v2\/pages\/320\/revisions"}],"predecessor-version":[{"id":4239,"href":"https:\/\/bglilienfeld.ac.at\/cms_wordpress\/wp-json\/wp\/v2\/pages\/320\/revisions\/4239"}],"wp:attachment":[{"href":"https:\/\/bglilienfeld.ac.at\/cms_wordpress\/wp-json\/wp\/v2\/media?parent=320"}],"curies":[{"name":"wp","href":"https:\/\/api.w.org\/{rel}","templated":true}]}}