{"id":3267,"date":"2023-09-19T14:13:00","date_gmt":"2023-09-19T12:13:00","guid":{"rendered":"https:\/\/bglilienfeld.ac.at\/cms_wordpress\/?page_id=3267"},"modified":"2023-09-25T18:47:13","modified_gmt":"2023-09-25T16:47:13","slug":"unsere-bib-unser-team","status":"publish","type":"page","link":"https:\/\/bglilienfeld.ac.at\/cms_wordpress\/unsere-bib-unser-team\/","title":{"rendered":"Unsere BIB \u2013 unser Team\u00a0"},"content":{"rendered":"\n<p><strong><em>Herzlich Willkommen in unserer Schul.BIB!<\/em><\/strong>&nbsp;<br><\/p>\n\n\n\n<p>Wir versuchen f\u00fcr dich R\u00e4ume zu gestalten, die du zum Lesen, Recherchieren, Lernen, aber auch zum Entspannen, Erholen und Kreativsein nutzen kannst.&nbsp;&nbsp;<\/p>\n\n\n\n<p><strong>Was bieten wir <\/strong>\ud83d\ude42<\/p>\n\n\n\n<ul class=\"wp-block-list\">\n<li>ca. 6000 Medien (B\u00fccher, Zeitschriften, Spiele, DVDs) in 3 getrennten R\u00e4umen&nbsp;<\/li>\n\n\n\n<li>kostenlose Klassenlekt\u00fcre&nbsp;<\/li>\n\n\n\n<li>W-LAN, SMART-TV, PC-Arbeitspl\u00e4tze, Kopierer\/Scanner&nbsp;<\/li>\n<\/ul>\n\n\n\n<p><strong>Wie versuchen wir dich zu f\u00f6rdern und motivieren<\/strong>&nbsp;<\/p>\n\n\n\n<ul class=\"wp-block-list\">\n<li>BIB-Tour f\u00fcr 1. Klassen zum Kennenlernen&nbsp;<\/li>\n\n\n\n<li>B\u00fccherwunschaktionen&nbsp;<\/li>\n\n\n\n<li>j\u00e4hrliche Buchausstellung vor Weihnachten&nbsp;<\/li>\n\n\n\n<li>Aktionen wie: Lesestrategief\u00e4cher basteln, SCH\u00dcLehrer*innen LESEN, Autor*innenlesungen, Vorlesewettbewerb, BIB-Bingo, Adventlesekalender,\u2026.&nbsp;&nbsp;<\/li>\n<\/ul>\n\n\n\n<p><strong>Unsere <\/strong><a href=\"https:\/\/bglilienfeld.ac.at\/cms_wordpress\/wp-content\/uploads\/2021\/05\/Bibliotheksordnung.pdf\"><strong>Bibliotheksordnung<\/strong><\/a><\/p>\n\n\n\n<p><strong>UNSER TEAM<\/strong>&nbsp;<\/p>\n\n\n\n<ul class=\"wp-block-list\">\n<li>Kerstin Meiringer&nbsp;<\/li>\n\n\n\n<li>Markus Meiringer&nbsp;<\/li>\n\n\n\n<li>BIB-CLUB&nbsp;<\/li>\n<\/ul>\n\n\n\n<p>Seit diesem Schuljahr unterst\u00fctzt uns tatkr\u00e4ftig unser <strong>BIB-CLUB. <\/strong>15 Sch\u00fcler*innen der 3. und 4. Klassen setzen sich auf kreative Art mit dem Thema \u201eBUCH\u201c auseinander. In Planung sind: Podcasts, Kurzfilme und Plakate\u2026.Wir freuen uns sehr auf die gemeinsame Arbeit.&nbsp;&nbsp;<\/p>\n\n\n\nngg_shortcode_0_placeholder\n\n\n\n<p><\/p>\n\n\n\n<p><\/p>\n\n\n\n<p><\/p>\n\n\n\n<p><\/p>\n\n\n\n<p><\/p>\n","protected":false},"excerpt":{"rendered":"<p>Herzlich Willkommen in unserer Schul.BIB!&nbsp; Wir versuchen f\u00fcr dich R\u00e4ume zu gestalten, die du zum Lesen, Recherchieren, Lernen, aber auch zum Entspannen, Erholen und Kreativsein nutzen kannst.&nbsp;&nbsp; Was bieten wir \ud83d\ude42 Wie versuchen wir dich zu f\u00f6rdern und motivieren&nbsp; Unsere Bibliotheksordnung UNSER TEAM&nbsp; Seit diesem Schuljahr unterst\u00fctzt uns tatkr\u00e4ftig unser BIB-CLUB. 15 Sch\u00fcler*innen der 3. und 4. Klassen setzen sich &hellip; <a href=\"https:\/\/bglilienfeld.ac.at\/cms_wordpress\/unsere-bib-unser-team\/\" class=\"more-link\">Continue reading<span class=\"screen-reader-text\"> &#8222;Unsere BIB \u2013 unser Team\u00a0&#8222;<\/span><\/a><\/p>\n","protected":false},"author":1,"featured_media":0,"parent":0,"menu_order":0,"comment_status":"closed","ping_status":"closed","template":"","meta":{"ngg_post_thumbnail":0,"footnotes":""},"class_list":["post-3267","page","type-page","status-publish","hentry"],"yoast_head":"<!-- This site is optimized with the Yoast SEO plugin v27.3 - https:\/\/yoast.com\/product\/yoast-seo-wordpress\/ -->\n<title>Unsere BIB \u2013 unser Team\u00a0 - BG BRG Lilienfeld<\/title>\n<meta name=\"robots\" content=\"index, follow, max-snippet:-1, max-image-preview:large, max-video-preview:-1\" \/>\n<link rel=\"canonical\" href=\"https:\/\/bglilienfeld.ac.at\/cms_wordpress\/unsere-bib-unser-team\/\" \/>\n<meta property=\"og:locale\" content=\"de_DE\" \/>\n<meta property=\"og:type\" content=\"article\" \/>\n<meta property=\"og:title\" content=\"Unsere BIB \u2013 unser Team\u00a0 - BG BRG Lilienfeld\" \/>\n<meta property=\"og:description\" content=\"Herzlich Willkommen in unserer Schul.BIB!&nbsp; Wir versuchen f\u00fcr dich R\u00e4ume zu gestalten, die du zum Lesen, Recherchieren, Lernen, aber auch zum Entspannen, Erholen und Kreativsein nutzen kannst.&nbsp;&nbsp; Was bieten wir \ud83d\ude42 Wie versuchen wir dich zu f\u00f6rdern und motivieren&nbsp; Unsere Bibliotheksordnung UNSER TEAM&nbsp; Seit diesem Schuljahr unterst\u00fctzt uns tatkr\u00e4ftig unser BIB-CLUB. 15 Sch\u00fcler*innen der 3. und 4. Klassen setzen sich &hellip; Continue reading &quot;Unsere BIB \u2013 unser Team\u00a0&quot;\" \/>\n<meta property=\"og:url\" content=\"https:\/\/bglilienfeld.ac.at\/cms_wordpress\/unsere-bib-unser-team\/\" \/>\n<meta property=\"og:site_name\" content=\"BG BRG Lilienfeld\" \/>\n<meta property=\"article:publisher\" content=\"https:\/\/facebook.com\/martin.komar.9081\" \/>\n<meta property=\"article:modified_time\" content=\"2023-09-25T16:47:13+00:00\" \/>\n<meta name=\"twitter:card\" content=\"summary_large_image\" \/>\n<meta name=\"twitter:label1\" content=\"Gesch\u00e4tzte Lesezeit\" \/>\n\t<meta name=\"twitter:data1\" content=\"1 Minute\" \/>\n<script type=\"application\/ld+json\" class=\"yoast-schema-graph\">{\"@context\":\"https:\\\/\\\/schema.org\",\"@graph\":[{\"@type\":\"WebPage\",\"@id\":\"https:\\\/\\\/bglilienfeld.ac.at\\\/cms_wordpress\\\/unsere-bib-unser-team\\\/\",\"url\":\"https:\\\/\\\/bglilienfeld.ac.at\\\/cms_wordpress\\\/unsere-bib-unser-team\\\/\",\"name\":\"Unsere BIB \u2013 unser Team\u00a0 - BG BRG Lilienfeld\",\"isPartOf\":{\"@id\":\"https:\\\/\\\/bglilienfeld.ac.at\\\/cms_wordpress\\\/#website\"},\"datePublished\":\"2023-09-19T12:13:00+00:00\",\"dateModified\":\"2023-09-25T16:47:13+00:00\",\"breadcrumb\":{\"@id\":\"https:\\\/\\\/bglilienfeld.ac.at\\\/cms_wordpress\\\/unsere-bib-unser-team\\\/#breadcrumb\"},\"inLanguage\":\"de-AT\",\"potentialAction\":[{\"@type\":\"ReadAction\",\"target\":[\"https:\\\/\\\/bglilienfeld.ac.at\\\/cms_wordpress\\\/unsere-bib-unser-team\\\/\"]}]},{\"@type\":\"BreadcrumbList\",\"@id\":\"https:\\\/\\\/bglilienfeld.ac.at\\\/cms_wordpress\\\/unsere-bib-unser-team\\\/#breadcrumb\",\"itemListElement\":[{\"@type\":\"ListItem\",\"position\":1,\"name\":\"Startseite\",\"item\":\"https:\\\/\\\/bglilienfeld.ac.at\\\/cms_wordpress\\\/\"},{\"@type\":\"ListItem\",\"position\":2,\"name\":\"Unsere BIB \u2013 unser Team\u00a0\"}]},{\"@type\":\"WebSite\",\"@id\":\"https:\\\/\\\/bglilienfeld.ac.at\\\/cms_wordpress\\\/#website\",\"url\":\"https:\\\/\\\/bglilienfeld.ac.at\\\/cms_wordpress\\\/\",\"name\":\"BG BRG Lilienfeld\",\"description\":\"Der sinnvollste Zeitvertreib bis zum Wochenende\",\"potentialAction\":[{\"@type\":\"SearchAction\",\"target\":{\"@type\":\"EntryPoint\",\"urlTemplate\":\"https:\\\/\\\/bglilienfeld.ac.at\\\/cms_wordpress\\\/?s={search_term_string}\"},\"query-input\":{\"@type\":\"PropertyValueSpecification\",\"valueRequired\":true,\"valueName\":\"search_term_string\"}}],\"inLanguage\":\"de-AT\"}]}<\/script>\n<!-- \/ Yoast SEO plugin. -->","yoast_head_json":{"title":"Unsere BIB \u2013 unser Team\u00a0 - BG BRG Lilienfeld","robots":{"index":"index","follow":"follow","max-snippet":"max-snippet:-1","max-image-preview":"max-image-preview:large","max-video-preview":"max-video-preview:-1"},"canonical":"https:\/\/bglilienfeld.ac.at\/cms_wordpress\/unsere-bib-unser-team\/","og_locale":"de_DE","og_type":"article","og_title":"Unsere BIB \u2013 unser Team\u00a0 - BG BRG Lilienfeld","og_description":"Herzlich Willkommen in unserer Schul.BIB!&nbsp; Wir versuchen f\u00fcr dich R\u00e4ume zu gestalten, die du zum Lesen, Recherchieren, Lernen, aber auch zum Entspannen, Erholen und Kreativsein nutzen kannst.&nbsp;&nbsp; Was bieten wir \ud83d\ude42 Wie versuchen wir dich zu f\u00f6rdern und motivieren&nbsp; Unsere Bibliotheksordnung UNSER TEAM&nbsp; Seit diesem Schuljahr unterst\u00fctzt uns tatkr\u00e4ftig unser BIB-CLUB. 15 Sch\u00fcler*innen der 3. und 4. Klassen setzen sich &hellip; Continue reading \"Unsere BIB \u2013 unser Team\u00a0\"","og_url":"https:\/\/bglilienfeld.ac.at\/cms_wordpress\/unsere-bib-unser-team\/","og_site_name":"BG BRG Lilienfeld","article_publisher":"https:\/\/facebook.com\/martin.komar.9081","article_modified_time":"2023-09-25T16:47:13+00:00","twitter_card":"summary_large_image","twitter_misc":{"Gesch\u00e4tzte Lesezeit":"1 Minute"},"schema":{"@context":"https:\/\/schema.org","@graph":[{"@type":"WebPage","@id":"https:\/\/bglilienfeld.ac.at\/cms_wordpress\/unsere-bib-unser-team\/","url":"https:\/\/bglilienfeld.ac.at\/cms_wordpress\/unsere-bib-unser-team\/","name":"Unsere BIB \u2013 unser Team\u00a0 - BG BRG Lilienfeld","isPartOf":{"@id":"https:\/\/bglilienfeld.ac.at\/cms_wordpress\/#website"},"datePublished":"2023-09-19T12:13:00+00:00","dateModified":"2023-09-25T16:47:13+00:00","breadcrumb":{"@id":"https:\/\/bglilienfeld.ac.at\/cms_wordpress\/unsere-bib-unser-team\/#breadcrumb"},"inLanguage":"de-AT","potentialAction":[{"@type":"ReadAction","target":["https:\/\/bglilienfeld.ac.at\/cms_wordpress\/unsere-bib-unser-team\/"]}]},{"@type":"BreadcrumbList","@id":"https:\/\/bglilienfeld.ac.at\/cms_wordpress\/unsere-bib-unser-team\/#breadcrumb","itemListElement":[{"@type":"ListItem","position":1,"name":"Startseite","item":"https:\/\/bglilienfeld.ac.at\/cms_wordpress\/"},{"@type":"ListItem","position":2,"name":"Unsere BIB \u2013 unser Team\u00a0"}]},{"@type":"WebSite","@id":"https:\/\/bglilienfeld.ac.at\/cms_wordpress\/#website","url":"https:\/\/bglilienfeld.ac.at\/cms_wordpress\/","name":"BG BRG Lilienfeld","description":"Der sinnvollste Zeitvertreib bis zum Wochenende","potentialAction":[{"@type":"SearchAction","target":{"@type":"EntryPoint","urlTemplate":"https:\/\/bglilienfeld.ac.at\/cms_wordpress\/?s={search_term_string}"},"query-input":{"@type":"PropertyValueSpecification","valueRequired":true,"valueName":"search_term_string"}}],"inLanguage":"de-AT"}]}},"_links":{"self":[{"href":"https:\/\/bglilienfeld.ac.at\/cms_wordpress\/wp-json\/wp\/v2\/pages\/3267","targetHints":{"allow":["GET"]}}],"collection":[{"href":"https:\/\/bglilienfeld.ac.at\/cms_wordpress\/wp-json\/wp\/v2\/pages"}],"about":[{"href":"https:\/\/bglilienfeld.ac.at\/cms_wordpress\/wp-json\/wp\/v2\/types\/page"}],"author":[{"embeddable":true,"href":"https:\/\/bglilienfeld.ac.at\/cms_wordpress\/wp-json\/wp\/v2\/users\/1"}],"replies":[{"embeddable":true,"href":"https:\/\/bglilienfeld.ac.at\/cms_wordpress\/wp-json\/wp\/v2\/comments?post=3267"}],"version-history":[{"count":4,"href":"https:\/\/bglilienfeld.ac.at\/cms_wordpress\/wp-json\/wp\/v2\/pages\/3267\/revisions"}],"predecessor-version":[{"id":3322,"href":"https:\/\/bglilienfeld.ac.at\/cms_wordpress\/wp-json\/wp\/v2\/pages\/3267\/revisions\/3322"}],"wp:attachment":[{"href":"https:\/\/bglilienfeld.ac.at\/cms_wordpress\/wp-json\/wp\/v2\/media?parent=3267"}],"curies":[{"name":"wp","href":"https:\/\/api.w.org\/{rel}","templated":true}]}}