{"id":3508,"date":"2024-03-11T10:13:23","date_gmt":"2024-03-11T09:13:23","guid":{"rendered":"https:\/\/bglilienfeld.ac.at\/cms_wordpress\/?page_id=3508"},"modified":"2026-03-03T07:47:10","modified_gmt":"2026-03-03T06:47:10","slug":"schuelervertretung","status":"publish","type":"page","link":"https:\/\/bglilienfeld.ac.at\/cms_wordpress\/schuelervertretung\/","title":{"rendered":"Sch\u00fclervertretung"},"content":{"rendered":"<div class=\"\" style=\"\" >\n    \n    <section class=\"u-clearfix u-section-2\" id=\"sec-ba2a\">\n      <div class=\"u-clearfix u-sheet u-sheet-1\">\n        <h1 class=\"u-align-center u-text u-text-default-lg u-text-default-md u-text-default-sm u-text-default-xl u-text-1\">Sch\u00fclervertretung<\/h1>\n        <p class=\"u-align-center u-text u-text-default u-text-2\"><i>Wir, die Sch\u00fcler*innenvertretung, haben die\nAufgabe uns um die Probleme und Anliegen unserer&nbsp;<\/i>\n          <br><i>Mitsch\u00fcler*innen aller\nSchulstufen zu k\u00fcmmern und jene umzusetzen. <br> Wir organisieren zudem kleine Events f\u00fcr unsere Schulgemeinde, welche<br> den Umgang an unserer Schule entspannen.<br> Wir treffen auch wichtige Entscheidungen und ben\u00f6tigen h\u00e4ufig\nFingerspitzengef\u00fchl,<br> wenn wir eine L\u00f6sung f\u00fcr ein kniffliges Problem suchen.<\/i>\n        <\/p>\n      <\/div>\n    <\/section>\n    <section class=\"u-clearfix u-section-3\" id=\"sec-c02d\">\n      <div class=\"u-clearfix u-sheet u-sheet-1\">\n        <h2 class=\"u-align-center u-text u-text-default u-text-1\">SCHULSPRECHERIN:             UMUCU Makbule, 6A&nbsp;<br>1. Stellvertreter:                   SCHMIRL Julian, 5B&nbsp;<br>2. Stellvertreterin:                WINKLER Lennard, 5B\n        <\/h2>\n      <\/div>\n    <\/section>\n    \n    \n    \n  \n<\/div>","protected":false},"excerpt":{"rendered":"<p>Sch\u00fclervertretung Wir, die Sch\u00fcler*innenvertretung, haben die Aufgabe uns um die Probleme und Anliegen unserer&nbsp; Mitsch\u00fcler*innen aller Schulstufen zu k\u00fcmmern und jene umzusetzen. Wir organisieren zudem kleine Events f\u00fcr unsere Schulgemeinde, welche den Umgang an unserer Schule entspannen. Wir treffen auch wichtige Entscheidungen und ben\u00f6tigen h\u00e4ufig Fingerspitzengef\u00fchl, wenn wir eine L\u00f6sung f\u00fcr ein kniffliges Problem suchen. SCHULSPRECHERIN: UMUCU Makbule, 6A&nbsp;1. Stellvertreter: &hellip; <a href=\"https:\/\/bglilienfeld.ac.at\/cms_wordpress\/schuelervertretung\/\" class=\"more-link\">Continue reading<span class=\"screen-reader-text\"> &#8222;Sch\u00fclervertretung&#8220;<\/span><\/a><\/p>\n","protected":false},"author":1,"featured_media":0,"parent":0,"menu_order":0,"comment_status":"closed","ping_status":"closed","template":"","meta":{"ngg_post_thumbnail":0,"footnotes":""},"class_list":["post-3508","page","type-page","status-publish","hentry"],"yoast_head":"<!-- This site is optimized with the Yoast SEO plugin v27.5 - https:\/\/yoast.com\/product\/yoast-seo-wordpress\/ -->\n<title>Sch\u00fclervertretung - BG BRG Lilienfeld<\/title>\n<meta name=\"robots\" content=\"index, follow, max-snippet:-1, max-image-preview:large, max-video-preview:-1\" \/>\n<link rel=\"canonical\" href=\"https:\/\/bglilienfeld.ac.at\/cms_wordpress\/schuelervertretung\/\" \/>\n<meta property=\"og:locale\" content=\"de_DE\" \/>\n<meta property=\"og:type\" content=\"article\" \/>\n<meta property=\"og:title\" content=\"Sch\u00fclervertretung - BG BRG Lilienfeld\" \/>\n<meta property=\"og:description\" content=\"Sch\u00fclervertretung Wir, die Sch\u00fcler*innenvertretung, haben die Aufgabe uns um die Probleme und Anliegen unserer&nbsp; Mitsch\u00fcler*innen aller Schulstufen zu k\u00fcmmern und jene umzusetzen. Wir organisieren zudem kleine Events f\u00fcr unsere Schulgemeinde, welche den Umgang an unserer Schule entspannen. Wir treffen auch wichtige Entscheidungen und ben\u00f6tigen h\u00e4ufig Fingerspitzengef\u00fchl, wenn wir eine L\u00f6sung f\u00fcr ein kniffliges Problem suchen. SCHULSPRECHERIN: UMUCU Makbule, 6A&nbsp;1. Stellvertreter: &hellip; Continue reading &quot;Sch\u00fclervertretung&quot;\" \/>\n<meta property=\"og:url\" content=\"https:\/\/bglilienfeld.ac.at\/cms_wordpress\/schuelervertretung\/\" \/>\n<meta property=\"og:site_name\" content=\"BG BRG Lilienfeld\" \/>\n<meta property=\"article:publisher\" content=\"https:\/\/facebook.com\/martin.komar.9081\" \/>\n<meta property=\"article:modified_time\" content=\"2026-03-03T06:47:10+00:00\" \/>\n<meta name=\"twitter:card\" content=\"summary_large_image\" \/>\n<meta name=\"twitter:label1\" content=\"Gesch\u00e4tzte Lesezeit\" \/>\n\t<meta name=\"twitter:data1\" content=\"1 Minute\" \/>\n<script type=\"application\/ld+json\" class=\"yoast-schema-graph\">{\"@context\":\"https:\\\/\\\/schema.org\",\"@graph\":[{\"@type\":\"WebPage\",\"@id\":\"https:\\\/\\\/bglilienfeld.ac.at\\\/cms_wordpress\\\/schuelervertretung\\\/\",\"url\":\"https:\\\/\\\/bglilienfeld.ac.at\\\/cms_wordpress\\\/schuelervertretung\\\/\",\"name\":\"Sch\u00fclervertretung - BG BRG Lilienfeld\",\"isPartOf\":{\"@id\":\"https:\\\/\\\/bglilienfeld.ac.at\\\/cms_wordpress\\\/#website\"},\"datePublished\":\"2024-03-11T09:13:23+00:00\",\"dateModified\":\"2026-03-03T06:47:10+00:00\",\"breadcrumb\":{\"@id\":\"https:\\\/\\\/bglilienfeld.ac.at\\\/cms_wordpress\\\/schuelervertretung\\\/#breadcrumb\"},\"inLanguage\":\"de-AT\",\"potentialAction\":[{\"@type\":\"ReadAction\",\"target\":[\"https:\\\/\\\/bglilienfeld.ac.at\\\/cms_wordpress\\\/schuelervertretung\\\/\"]}]},{\"@type\":\"BreadcrumbList\",\"@id\":\"https:\\\/\\\/bglilienfeld.ac.at\\\/cms_wordpress\\\/schuelervertretung\\\/#breadcrumb\",\"itemListElement\":[{\"@type\":\"ListItem\",\"position\":1,\"name\":\"Startseite\",\"item\":\"https:\\\/\\\/bglilienfeld.ac.at\\\/cms_wordpress\\\/\"},{\"@type\":\"ListItem\",\"position\":2,\"name\":\"Sch\u00fclervertretung\"}]},{\"@type\":\"WebSite\",\"@id\":\"https:\\\/\\\/bglilienfeld.ac.at\\\/cms_wordpress\\\/#website\",\"url\":\"https:\\\/\\\/bglilienfeld.ac.at\\\/cms_wordpress\\\/\",\"name\":\"BG BRG Lilienfeld\",\"description\":\"Der sinnvollste Zeitvertreib bis zum Wochenende\",\"potentialAction\":[{\"@type\":\"SearchAction\",\"target\":{\"@type\":\"EntryPoint\",\"urlTemplate\":\"https:\\\/\\\/bglilienfeld.ac.at\\\/cms_wordpress\\\/?s={search_term_string}\"},\"query-input\":{\"@type\":\"PropertyValueSpecification\",\"valueRequired\":true,\"valueName\":\"search_term_string\"}}],\"inLanguage\":\"de-AT\"}]}<\/script>\n<!-- \/ Yoast SEO plugin. -->","yoast_head_json":{"title":"Sch\u00fclervertretung - BG BRG Lilienfeld","robots":{"index":"index","follow":"follow","max-snippet":"max-snippet:-1","max-image-preview":"max-image-preview:large","max-video-preview":"max-video-preview:-1"},"canonical":"https:\/\/bglilienfeld.ac.at\/cms_wordpress\/schuelervertretung\/","og_locale":"de_DE","og_type":"article","og_title":"Sch\u00fclervertretung - BG BRG Lilienfeld","og_description":"Sch\u00fclervertretung Wir, die Sch\u00fcler*innenvertretung, haben die Aufgabe uns um die Probleme und Anliegen unserer&nbsp; Mitsch\u00fcler*innen aller Schulstufen zu k\u00fcmmern und jene umzusetzen. Wir organisieren zudem kleine Events f\u00fcr unsere Schulgemeinde, welche den Umgang an unserer Schule entspannen. Wir treffen auch wichtige Entscheidungen und ben\u00f6tigen h\u00e4ufig Fingerspitzengef\u00fchl, wenn wir eine L\u00f6sung f\u00fcr ein kniffliges Problem suchen. SCHULSPRECHERIN: UMUCU Makbule, 6A&nbsp;1. Stellvertreter: &hellip; Continue reading \"Sch\u00fclervertretung\"","og_url":"https:\/\/bglilienfeld.ac.at\/cms_wordpress\/schuelervertretung\/","og_site_name":"BG BRG Lilienfeld","article_publisher":"https:\/\/facebook.com\/martin.komar.9081","article_modified_time":"2026-03-03T06:47:10+00:00","twitter_card":"summary_large_image","twitter_misc":{"Gesch\u00e4tzte Lesezeit":"1 Minute"},"schema":{"@context":"https:\/\/schema.org","@graph":[{"@type":"WebPage","@id":"https:\/\/bglilienfeld.ac.at\/cms_wordpress\/schuelervertretung\/","url":"https:\/\/bglilienfeld.ac.at\/cms_wordpress\/schuelervertretung\/","name":"Sch\u00fclervertretung - BG BRG Lilienfeld","isPartOf":{"@id":"https:\/\/bglilienfeld.ac.at\/cms_wordpress\/#website"},"datePublished":"2024-03-11T09:13:23+00:00","dateModified":"2026-03-03T06:47:10+00:00","breadcrumb":{"@id":"https:\/\/bglilienfeld.ac.at\/cms_wordpress\/schuelervertretung\/#breadcrumb"},"inLanguage":"de-AT","potentialAction":[{"@type":"ReadAction","target":["https:\/\/bglilienfeld.ac.at\/cms_wordpress\/schuelervertretung\/"]}]},{"@type":"BreadcrumbList","@id":"https:\/\/bglilienfeld.ac.at\/cms_wordpress\/schuelervertretung\/#breadcrumb","itemListElement":[{"@type":"ListItem","position":1,"name":"Startseite","item":"https:\/\/bglilienfeld.ac.at\/cms_wordpress\/"},{"@type":"ListItem","position":2,"name":"Sch\u00fclervertretung"}]},{"@type":"WebSite","@id":"https:\/\/bglilienfeld.ac.at\/cms_wordpress\/#website","url":"https:\/\/bglilienfeld.ac.at\/cms_wordpress\/","name":"BG BRG Lilienfeld","description":"Der sinnvollste Zeitvertreib bis zum Wochenende","potentialAction":[{"@type":"SearchAction","target":{"@type":"EntryPoint","urlTemplate":"https:\/\/bglilienfeld.ac.at\/cms_wordpress\/?s={search_term_string}"},"query-input":{"@type":"PropertyValueSpecification","valueRequired":true,"valueName":"search_term_string"}}],"inLanguage":"de-AT"}]}},"_links":{"self":[{"href":"https:\/\/bglilienfeld.ac.at\/cms_wordpress\/wp-json\/wp\/v2\/pages\/3508","targetHints":{"allow":["GET"]}}],"collection":[{"href":"https:\/\/bglilienfeld.ac.at\/cms_wordpress\/wp-json\/wp\/v2\/pages"}],"about":[{"href":"https:\/\/bglilienfeld.ac.at\/cms_wordpress\/wp-json\/wp\/v2\/types\/page"}],"author":[{"embeddable":true,"href":"https:\/\/bglilienfeld.ac.at\/cms_wordpress\/wp-json\/wp\/v2\/users\/1"}],"replies":[{"embeddable":true,"href":"https:\/\/bglilienfeld.ac.at\/cms_wordpress\/wp-json\/wp\/v2\/comments?post=3508"}],"version-history":[{"count":13,"href":"https:\/\/bglilienfeld.ac.at\/cms_wordpress\/wp-json\/wp\/v2\/pages\/3508\/revisions"}],"predecessor-version":[{"id":4577,"href":"https:\/\/bglilienfeld.ac.at\/cms_wordpress\/wp-json\/wp\/v2\/pages\/3508\/revisions\/4577"}],"wp:attachment":[{"href":"https:\/\/bglilienfeld.ac.at\/cms_wordpress\/wp-json\/wp\/v2\/media?parent=3508"}],"curies":[{"name":"wp","href":"https:\/\/api.w.org\/{rel}","templated":true}]}}